{"id":57730,"date":"2024-07-05T10:50:42","date_gmt":"2024-07-05T15:50:42","guid":{"rendered":"https:\/\/goavila.com\/?page_id=57730"},"modified":"2024-12-17T09:07:06","modified_gmt":"2024-12-17T14:07:06","slug":"parte-d","status":"publish","type":"page","link":"https:\/\/goavila.com\/en\/parte-d\/","title":{"rendered":"Part D"},"content":{"rendered":"<style>.elementor-57730 .elementor-element.elementor-element-b31af3e{--display:flex;}<\/style>\t\t<div data-elementor-type=\"wp-page\" data-elementor-id=\"57730\" class=\"elementor elementor-57730\" data-elementor-post-type=\"page\">\n\t\t\t\t<div class=\"elementor-element elementor-element-b31af3e e-flex e-con-boxed e-con e-parent\" data-id=\"b31af3e\" data-element_type=\"container\" data-e-type=\"container\">\n\t\t\t\t\t<div class=\"e-con-inner\">\n\t\t\t\t<div class=\"elementor-element elementor-element-3c7deb4 elementor-widget elementor-widget-heading\" data-id=\"3c7deb4\" data-element_type=\"widget\" data-e-type=\"widget\" data-widget_type=\"heading.default\">\n\t\t\t\t<div class=\"elementor-widget-container\">\n\t\t\t\t\t<h2 class=\"elementor-heading-title elementor-size-default\">What is Medicare Part D?<\/h2>\t\t\t\t<\/div>\n\t\t\t\t<\/div>\n\t\t\t\t<div class=\"elementor-element elementor-element-65fc9e8 elementor-widget elementor-widget-text-editor\" data-id=\"65fc9e8\" data-element_type=\"widget\" data-e-type=\"widget\" data-widget_type=\"text-editor.default\">\n\t\t\t\t<div class=\"elementor-widget-container\">\n\t\t\t\t\t\t\t\t\t<p>Medicare Part D is made up of insurance plans sold by private insurance companies contracted with Medicare to help cover prescription drug costs. Part D coverage can be found in stand-alone plans that are purchased separately from a plan.\u00a0<a href=\"https:\/\/goavila.com\/en\/suplementos-de-medicare\/\" target=\"_blank\" rel=\"noopener\">Medicare Supplement<\/a>\u00a0or a Medigap plan and is often included within a Medigap plan.\u00a0<a href=\"https:\/\/goavila.com\/en\/advantage\/\" target=\"_blank\" rel=\"noopener\">Medicare Advantage<\/a>\u00a0or of the\u00a0<a href=\"https:\/\/goavila.com\/en\/parte-c\/\" target=\"_blank\" rel=\"noopener\">Part C<\/a>.<\/p>\t\t\t\t\t\t\t\t<\/div>\n\t\t\t\t<\/div>\n\t\t\t\t<div class=\"elementor-element elementor-element-efce143 elementor-widget elementor-widget-heading\" data-id=\"efce143\" data-element_type=\"widget\" data-e-type=\"widget\" data-widget_type=\"heading.default\">\n\t\t\t\t<div class=\"elementor-widget-container\">\n\t\t\t\t\t<h2 class=\"elementor-heading-title elementor-size-default\">What does Part D cover?<\/h2>\t\t\t\t<\/div>\n\t\t\t\t<\/div>\n\t\t\t\t<div class=\"elementor-element elementor-element-5e123f8 elementor-widget elementor-widget-text-editor\" data-id=\"5e123f8\" data-element_type=\"widget\" data-e-type=\"widget\" data-widget_type=\"text-editor.default\">\n\t\t\t\t<div class=\"elementor-widget-container\">\n\t\t\t\t\t\t\t\t\t<p>All prescription drug plans (PDPs) must cover a wide variety of prescription drugs, including most drugs in certain protected classes, such as drugs used to treat cancer or HIV\/AIDS. Each plan will publish a list of the various prescriptions covered by that plan called the\u00a0<a href=\"https:\/\/goavila.com\/en\/formulario\/\" target=\"_blank\" rel=\"noopener\">form.<\/a>\u00a0The formularies are then divided into tiers that are used to classify the different prescription drugs covered by the plan.<\/p><p>Most plans have at least four tiers that are used to determine your share of the cost for the drug. For example, a drug in a lower tier will generally cost you less than a drug in a higher tier.<\/p>\t\t\t\t\t\t\t\t<\/div>\n\t\t\t\t<\/div>\n\t\t\t\t<div class=\"elementor-element elementor-element-0691260 elementor-widget elementor-widget-heading\" data-id=\"0691260\" data-element_type=\"widget\" data-e-type=\"widget\" data-widget_type=\"heading.default\">\n\t\t\t\t<div class=\"elementor-widget-container\">\n\t\t\t\t\t<h2 class=\"elementor-heading-title elementor-size-default\">How does Part D work?<\/h2>\t\t\t\t<\/div>\n\t\t\t\t<\/div>\n\t\t\t\t<div class=\"elementor-element elementor-element-b5e3567 elementor-widget elementor-widget-text-editor\" data-id=\"b5e3567\" data-element_type=\"widget\" data-e-type=\"widget\" data-widget_type=\"text-editor.default\">\n\t\t\t\t<div class=\"elementor-widget-container\">\n\t\t\t\t\t\t\t\t\t<p>Medicare prescription drug coverage is an optional benefit offered to everyone with Medicare. Even if you don't use prescription drugs now, you should consider joining a Medicare drug plan.<\/p><p>If you decide not to join a Medicare drug plan when you are first eligible and you don't have other creditable prescription drug coverage or get extra help, you may pay a late enrollment penalty if you join a plan later.<\/p><p>Generally, you will pay this penalty for as long as you have Medicare prescription drug coverage. There are two ways you can get Medicare Part D prescription drug coverage:<\/p><ol><li>Medicare Prescription Drug Plans (PDPs). These are stand-alone plans designed to add drug coverage to Original Medicare, some Medicare Cost Plans, some Medicare Private Fee-for-Service (PFFS) plans, and Medicare Medical Savings Account (MSA) plans. You must have Part A and\/or Part B to join a Medicare prescription drug plan.<\/li><li>Medicare Advantage Plans or other Medicare health plans that offer Medicare prescription drug coverage. You get all your Part A, Part B, and prescription drug coverage (Part D) through these plans. Medicare Advantage plans with prescription drug coverage are often referred to as MAPD plans.<\/li><\/ol><p>Remember, you must have Part A and Part B to join a Medicare Advantage Plan, and not all Medicare Advantage Plans offer drug coverage.<\/p><p>In each case, you must also live in the service area of the Medicare drug plan you want to join.<\/p>\t\t\t\t\t\t\t\t<\/div>\n\t\t\t\t<\/div>\n\t\t\t\t\t<\/div>\n\t\t\t\t<\/div>\n\t\t\t\t<\/div>","protected":false},"excerpt":{"rendered":"<p>\u00bfQu\u00e9 es la Parte D de Medicare? La Parte D de Medicare se compone de planes de seguro vendidos por compa\u00f1\u00edas de seguros privadas contratadas con Medicare para ayudar a cubrir los costos de los medicamentos recetados. La cobertura de la Parte D se puede encontrar en planes independientes que se compran por separado de [&hellip;]<\/p>\n","protected":false},"author":3,"featured_media":0,"parent":0,"menu_order":0,"comment_status":"closed","ping_status":"closed","template":"","meta":{"om_disable_all_campaigns":false,"footnotes":""},"class_list":["post-57730","page","type-page","status-publish","hentry"],"aioseo_notices":[],"rttpg_featured_image_url":null,"rttpg_author":{"display_name":"AvilaMedicare","author_link":"https:\/\/goavila.com\/en\/author\/avilamedicare\/"},"rttpg_comment":0,"rttpg_category":null,"rttpg_excerpt":"\u00bfQu\u00e9 es la Parte D de Medicare? La Parte D de Medicare se compone de planes de seguro vendidos por compa\u00f1\u00edas de seguros privadas contratadas con Medicare para ayudar a cubrir los costos de los medicamentos recetados. La cobertura de la Parte D se puede encontrar en planes independientes que se compran por separado de&hellip;","_links":{"self":[{"href":"https:\/\/goavila.com\/en\/wp-json\/wp\/v2\/pages\/57730","targetHints":{"allow":["GET"]}}],"collection":[{"href":"https:\/\/goavila.com\/en\/wp-json\/wp\/v2\/pages"}],"about":[{"href":"https:\/\/goavila.com\/en\/wp-json\/wp\/v2\/types\/page"}],"author":[{"embeddable":true,"href":"https:\/\/goavila.com\/en\/wp-json\/wp\/v2\/users\/3"}],"replies":[{"embeddable":true,"href":"https:\/\/goavila.com\/en\/wp-json\/wp\/v2\/comments?post=57730"}],"version-history":[{"count":2,"href":"https:\/\/goavila.com\/en\/wp-json\/wp\/v2\/pages\/57730\/revisions"}],"predecessor-version":[{"id":62035,"href":"https:\/\/goavila.com\/en\/wp-json\/wp\/v2\/pages\/57730\/revisions\/62035"}],"wp:attachment":[{"href":"https:\/\/goavila.com\/en\/wp-json\/wp\/v2\/media?parent=57730"}],"curies":[{"name":"wp","href":"https:\/\/api.w.org\/{rel}","templated":true}]}}