{"id":57759,"date":"2024-07-05T11:14:00","date_gmt":"2024-07-05T16:14:00","guid":{"rendered":"https:\/\/goavila.com\/?page_id=57759"},"modified":"2024-12-17T09:09:04","modified_gmt":"2024-12-17T14:09:04","slug":"planes-ppo-de-medicare-advantage","status":"publish","type":"page","link":"https:\/\/goavila.com\/en\/planes-ppo-de-medicare-advantage\/","title":{"rendered":"Medicare Advantage PPO Plans"},"content":{"rendered":"<style>.elementor-57759 .elementor-element.elementor-element-7f308e33{--display:flex;--flex-direction:row;--container-widget-width:calc( ( 1 - var( --container-widget-flex-grow ) ) * 100% );--container-widget-height:100%;--container-widget-flex-grow:1;--container-widget-align-self:stretch;--flex-wrap-mobile:wrap;--align-items:center;--gap:0px 0px;--row-gap:0px;--column-gap:0px;}.elementor-57759 .elementor-element.elementor-element-1a28cb6c{--display:flex;--flex-direction:column;--container-widget-width:100%;--container-widget-height:initial;--container-widget-flex-grow:0;--container-widget-align-self:initial;--flex-wrap-mobile:wrap;--padding-top:0px;--padding-bottom:0px;--padding-left:0px;--padding-right:5px;}.elementor-57759 .elementor-element.elementor-element-3f674749{--display:flex;--flex-direction:column;--container-widget-width:100%;--container-widget-height:initial;--container-widget-flex-grow:0;--container-widget-align-self:initial;--flex-wrap-mobile:wrap;}.elementor-57759 .elementor-element.elementor-element-15aa00e{--display:flex;}@media(min-width:768px){.elementor-57759 .elementor-element.elementor-element-1a28cb6c{--width:50%;}.elementor-57759 .elementor-element.elementor-element-3f674749{--width:50%;}}@media(max-width:1024px){.elementor-57759 .elementor-element.elementor-element-7f308e33{--align-items:flex-start;--container-widget-width:calc( ( 1 - var( --container-widget-flex-grow ) ) * 100% );}}@media(max-width:767px){.elementor-57759 .elementor-element.elementor-element-7f308e33{--align-items:flex-start;--container-widget-width:calc( ( 1 - var( --container-widget-flex-grow ) ) * 100% );}.elementor-57759 .elementor-element.elementor-element-1a28cb6c{--margin-top:0px;--margin-bottom:10px;--margin-left:0px;--margin-right:0px;}.elementor-57759 .elementor-element.elementor-element-3f674749{--padding-top:0px;--padding-bottom:0px;--padding-left:0px;--padding-right:0px;}}<\/style>\t\t<div data-elementor-type=\"wp-page\" data-elementor-id=\"57759\" class=\"elementor elementor-57759\" data-elementor-post-type=\"page\">\n\t\t\t\t<div class=\"elementor-element elementor-element-7f308e33 e-flex e-con-boxed e-con e-parent\" data-id=\"7f308e33\" data-element_type=\"container\" data-e-type=\"container\">\n\t\t\t\t\t<div class=\"e-con-inner\">\n\t\t<div class=\"elementor-element elementor-element-1a28cb6c e-con-full e-flex e-con e-child\" data-id=\"1a28cb6c\" data-element_type=\"container\" data-e-type=\"container\">\n\t\t\t\t<div class=\"elementor-element elementor-element-31d5328c elementor-widget elementor-widget-text-editor\" data-id=\"31d5328c\" data-element_type=\"widget\" data-e-type=\"widget\" data-widget_type=\"text-editor.default\">\n\t\t\t\t<div class=\"elementor-widget-container\">\n\t\t\t\t\t\t\t\t\t<p class=\"lead\">Preferred Provider Organizations (PPOs) are flexible Medicare Advantage plans that allow you to visit any health care provider you choose. You don't need to worry about changing providers, and you can even choose not to have a primary care physician if you don't want to. These plans give you the freedom and peace of mind knowing that you can see doctors and specialists outside of your plan's network if you need to.<\/p><p class=\"lead\">To learn more about PPOs and whether they are right for you, talk to a PPO agent.\u00a0<strong>Avila Medicare Solutions<\/strong>.<\/p>\t\t\t\t\t\t\t\t<\/div>\n\t\t\t\t<\/div>\n\t\t\t\t<\/div>\n\t\t<div class=\"elementor-element elementor-element-3f674749 e-con-full e-flex e-con e-child\" data-id=\"3f674749\" data-element_type=\"container\" data-e-type=\"container\">\n\t\t\t\t<div class=\"elementor-element elementor-element-6c8f45f2 elementor-widget elementor-widget-image\" data-id=\"6c8f45f2\" data-element_type=\"widget\" data-e-type=\"widget\" data-widget_type=\"image.default\">\n\t\t\t\t<div class=\"elementor-widget-container\">\n\t\t\t\t\t\t\t\t\t\t\t\t\t\t\t<img fetchpriority=\"high\" decoding=\"async\" width=\"800\" height=\"534\" src=\"https:\/\/goavila.com\/wp-content\/uploads\/2024\/07\/adryan-ra-wv_NZjjRcKs-unsplash-1024x683-_1_.webp\" class=\"attachment-large size-large wp-image-58016\" alt=\"\" srcset=\"https:\/\/goavila.com\/wp-content\/uploads\/2024\/07\/adryan-ra-wv_NZjjRcKs-unsplash-1024x683-_1_.webp 1024w, https:\/\/goavila.com\/wp-content\/uploads\/2024\/07\/adryan-ra-wv_NZjjRcKs-unsplash-1024x683-_1_-300x200.webp 300w, https:\/\/goavila.com\/wp-content\/uploads\/2024\/07\/adryan-ra-wv_NZjjRcKs-unsplash-1024x683-_1_-768x512.webp 768w\" sizes=\"(max-width: 800px) 100vw, 800px\" \/>\t\t\t\t\t\t\t\t\t\t\t\t\t\t\t<\/div>\n\t\t\t\t<\/div>\n\t\t\t\t<\/div>\n\t\t\t\t\t<\/div>\n\t\t\t\t<\/div>\n\t\t<div class=\"elementor-element elementor-element-15aa00e e-flex e-con-boxed e-con e-parent\" data-id=\"15aa00e\" data-element_type=\"container\" data-e-type=\"container\">\n\t\t\t\t\t<div class=\"e-con-inner\">\n\t\t\t\t<div class=\"elementor-element elementor-element-faf3ce7 elementor-widget elementor-widget-heading\" data-id=\"faf3ce7\" data-element_type=\"widget\" data-e-type=\"widget\" data-widget_type=\"heading.default\">\n\t\t\t\t<div class=\"elementor-widget-container\">\n\t\t\t\t\t<h2 class=\"elementor-heading-title elementor-size-default\">Introduction to PPO<\/h2>\t\t\t\t<\/div>\n\t\t\t\t<\/div>\n\t\t\t\t<div class=\"elementor-element elementor-element-6398c78 elementor-widget elementor-widget-text-editor\" data-id=\"6398c78\" data-element_type=\"widget\" data-e-type=\"widget\" data-widget_type=\"text-editor.default\">\n\t\t\t\t<div class=\"elementor-widget-container\">\n\t\t\t\t\t\t\t\t\t<p>Preferred Provider Organizations (PPOs) are Medicare Advantage plans that give you a high degree of flexibility in making your health care decisions. You are not required to have a primary care physician or referrals to see a specialist, and you are not restricted to seeing health care providers only within the plan's network. Costs will vary depending on where you receive your care, but you don't have to worry about not being able to see a specialist because he or she is not in your network.<\/p>\t\t\t\t\t\t\t\t<\/div>\n\t\t\t\t<\/div>\n\t\t\t\t<div class=\"elementor-element elementor-element-d4e14cc elementor-widget elementor-widget-heading\" data-id=\"d4e14cc\" data-element_type=\"widget\" data-e-type=\"widget\" data-widget_type=\"heading.default\">\n\t\t\t\t<div class=\"elementor-widget-container\">\n\t\t\t\t\t<h2 class=\"elementor-heading-title elementor-size-default\">PPO Coverage<\/h2>\t\t\t\t<\/div>\n\t\t\t\t<\/div>\n\t\t\t\t<div class=\"elementor-element elementor-element-59463ee elementor-widget elementor-widget-text-editor\" data-id=\"59463ee\" data-element_type=\"widget\" data-e-type=\"widget\" data-widget_type=\"text-editor.default\">\n\t\t\t\t<div class=\"elementor-widget-container\">\n\t\t\t\t\t\t\t\t\t<p>PPOs, as a type of Medicare Advantage Plan, give you the same coverage as Original Medicare with Medicare Part A and Part B. That means you get the same coverage as Original Medicare for inpatient and skilled nursing facility care, hospice care, home health care, preventive care, and medically necessary services. That means you receive the same medical and hospital insurance coverage for inpatient hospital and skilled nursing facility care, hospice care, home health care, preventive care, and medically necessary services.<\/p><p>Your PPO may also offer prescription drug coverage packages or other services not included in Original Medicare, including dental, hearing or vision care. These plans will increase your premiums by a small amount each month (or each payment if it's not monthly). If your plan has prescription drug coverage, you will probably prefer that you get your prescriptions filled at a specific pharmacy chain in your area.<\/p>\t\t\t\t\t\t\t\t<\/div>\n\t\t\t\t<\/div>\n\t\t\t\t<div class=\"elementor-element elementor-element-ea3c124 elementor-widget elementor-widget-heading\" data-id=\"ea3c124\" data-element_type=\"widget\" data-e-type=\"widget\" data-widget_type=\"heading.default\">\n\t\t\t\t<div class=\"elementor-widget-container\">\n\t\t\t\t\t<h2 class=\"elementor-heading-title elementor-size-default\">PPO Costs<\/h2>\t\t\t\t<\/div>\n\t\t\t\t<\/div>\n\t\t\t\t<div class=\"elementor-element elementor-element-07ac537 elementor-widget elementor-widget-text-editor\" data-id=\"07ac537\" data-element_type=\"widget\" data-e-type=\"widget\" data-widget_type=\"text-editor.default\">\n\t\t\t\t<div class=\"elementor-widget-container\">\n\t\t\t\t\t\t\t\t\t<p>You will have to pay premiums, an annual deductible, copayments and coinsurance. Copayments for doctor and emergency room visits will count toward your deductible. Once you have met your deductible, you will pay a portion of your health care expenses as coinsurance as a measure of cost-sharing.<\/p><p>With a PPO, you can visit health care providers outside your plan's network, but you will pay more in out-of-pocket costs to do so. Seeing providers within your network is a good way to save costs. You pay slightly higher premiums with a PPO in exchange for the flexibility of being able to receive care from any health care provider.<\/p>\t\t\t\t\t\t\t\t<\/div>\n\t\t\t\t<\/div>\n\t\t\t\t<div class=\"elementor-element elementor-element-9361d02 elementor-widget elementor-widget-heading\" data-id=\"9361d02\" data-element_type=\"widget\" data-e-type=\"widget\" data-widget_type=\"heading.default\">\n\t\t\t\t<div class=\"elementor-widget-container\">\n\t\t\t\t\t<h2 class=\"elementor-heading-title elementor-size-default\">Plan comparison<\/h2>\t\t\t\t<\/div>\n\t\t\t\t<\/div>\n\t\t\t\t<div class=\"elementor-element elementor-element-1001549 elementor-widget elementor-widget-text-editor\" data-id=\"1001549\" data-element_type=\"widget\" data-e-type=\"widget\" data-widget_type=\"text-editor.default\">\n\t\t\t\t<div class=\"elementor-widget-container\">\n\t\t\t\t\t\t\t\t\t<p>You do not need to have a primary care physician with a PPO plan and you do not need a referral before seeing a specialist. This means that if you already have a primary care physician who is not in the plan's network, you can continue to see him or her.<\/p><p>PPOs are one of the most expensive types of Medicare Advantage plans you can choose. These plans are more directly comparable to HMOs and offer more flexibility.<\/p><p>To find out if a PPO plan is a good health insurance option for you, or for more information about Medicare Advantage plans available in your area, call us toll free at\u00a0<strong><a href=\"tel:855-462-8452\">855-GO-AVILA<\/a><\/strong>\u00a0or click the button below to request information.<\/p>\t\t\t\t\t\t\t\t<\/div>\n\t\t\t\t<\/div>\n\t\t\t\t\t<\/div>\n\t\t\t\t<\/div>\n\t\t\t\t<\/div>","protected":false},"excerpt":{"rendered":"<p>Las Organizaciones de Proveedores Preferidos (PPO) son los planes flexibles de Medicare Advantage que le permiten visitar a cualquier proveedor de atenci\u00f3n m\u00e9dica que elija. No necesita preocuparse por cambiar de proveedor e incluso puede optar por no tener un m\u00e9dico de atenci\u00f3n primaria si no lo desea. Estos planes le brindan la libertad y [&hellip;]<\/p>\n","protected":false},"author":3,"featured_media":0,"parent":0,"menu_order":0,"comment_status":"closed","ping_status":"closed","template":"","meta":{"om_disable_all_campaigns":false,"footnotes":""},"class_list":["post-57759","page","type-page","status-publish","hentry"],"aioseo_notices":[],"rttpg_featured_image_url":null,"rttpg_author":{"display_name":"AvilaMedicare","author_link":"https:\/\/goavila.com\/en\/author\/avilamedicare\/"},"rttpg_comment":0,"rttpg_category":null,"rttpg_excerpt":"Las Organizaciones de Proveedores Preferidos (PPO) son los planes flexibles de Medicare Advantage que le permiten visitar a cualquier proveedor de atenci\u00f3n m\u00e9dica que elija. No necesita preocuparse por cambiar de proveedor e incluso puede optar por no tener un m\u00e9dico de atenci\u00f3n primaria si no lo desea. Estos planes le brindan la libertad y&hellip;","_links":{"self":[{"href":"https:\/\/goavila.com\/en\/wp-json\/wp\/v2\/pages\/57759","targetHints":{"allow":["GET"]}}],"collection":[{"href":"https:\/\/goavila.com\/en\/wp-json\/wp\/v2\/pages"}],"about":[{"href":"https:\/\/goavila.com\/en\/wp-json\/wp\/v2\/types\/page"}],"author":[{"embeddable":true,"href":"https:\/\/goavila.com\/en\/wp-json\/wp\/v2\/users\/3"}],"replies":[{"embeddable":true,"href":"https:\/\/goavila.com\/en\/wp-json\/wp\/v2\/comments?post=57759"}],"version-history":[{"count":1,"href":"https:\/\/goavila.com\/en\/wp-json\/wp\/v2\/pages\/57759\/revisions"}],"predecessor-version":[{"id":62038,"href":"https:\/\/goavila.com\/en\/wp-json\/wp\/v2\/pages\/57759\/revisions\/62038"}],"wp:attachment":[{"href":"https:\/\/goavila.com\/en\/wp-json\/wp\/v2\/media?parent=57759"}],"curies":[{"name":"wp","href":"https:\/\/api.w.org\/{rel}","templated":true}]}}