{"id":57761,"date":"2024-07-05T11:14:17","date_gmt":"2024-07-05T16:14:17","guid":{"rendered":"https:\/\/goavila.com\/?page_id=57761"},"modified":"2024-12-17T09:09:40","modified_gmt":"2024-12-17T14:09:40","slug":"planes-medicare-advantage-pffs","status":"publish","type":"page","link":"https:\/\/goavila.com\/en\/planes-medicare-advantage-pffs\/","title":{"rendered":"Medicare Advantage PFFS Plans"},"content":{"rendered":"<style>.elementor-57761 .elementor-element.elementor-element-57dd1166{--display:flex;--flex-direction:row;--container-widget-width:calc( ( 1 - var( --container-widget-flex-grow ) ) * 100% );--container-widget-height:100%;--container-widget-flex-grow:1;--container-widget-align-self:stretch;--flex-wrap-mobile:wrap;--align-items:center;--gap:0px 0px;--row-gap:0px;--column-gap:0px;}.elementor-57761 .elementor-element.elementor-element-1b0fdea3{--display:flex;--flex-direction:column;--container-widget-width:100%;--container-widget-height:initial;--container-widget-flex-grow:0;--container-widget-align-self:initial;--flex-wrap-mobile:wrap;--padding-top:0px;--padding-bottom:0px;--padding-left:0px;--padding-right:5px;}.elementor-57761 .elementor-element.elementor-element-652b166d{--display:flex;--flex-direction:column;--container-widget-width:100%;--container-widget-height:initial;--container-widget-flex-grow:0;--container-widget-align-self:initial;--flex-wrap-mobile:wrap;}.elementor-57761 .elementor-element.elementor-element-b6d5264{--display:flex;}@media(min-width:768px){.elementor-57761 .elementor-element.elementor-element-1b0fdea3{--width:50%;}.elementor-57761 .elementor-element.elementor-element-652b166d{--width:50%;}}@media(max-width:1024px){.elementor-57761 .elementor-element.elementor-element-57dd1166{--align-items:flex-start;--container-widget-width:calc( ( 1 - var( --container-widget-flex-grow ) ) * 100% );}}@media(max-width:767px){.elementor-57761 .elementor-element.elementor-element-57dd1166{--align-items:flex-start;--container-widget-width:calc( ( 1 - var( --container-widget-flex-grow ) ) * 100% );}.elementor-57761 .elementor-element.elementor-element-1b0fdea3{--margin-top:0px;--margin-bottom:10px;--margin-left:0px;--margin-right:0px;}.elementor-57761 .elementor-element.elementor-element-652b166d{--padding-top:0px;--padding-bottom:0px;--padding-left:0px;--padding-right:0px;}}<\/style>\t\t<div data-elementor-type=\"wp-page\" data-elementor-id=\"57761\" class=\"elementor elementor-57761\" data-elementor-post-type=\"page\">\n\t\t\t\t<div class=\"elementor-element elementor-element-57dd1166 e-flex e-con-boxed e-con e-parent\" data-id=\"57dd1166\" data-element_type=\"container\" data-e-type=\"container\">\n\t\t\t\t\t<div class=\"e-con-inner\">\n\t\t<div class=\"elementor-element elementor-element-1b0fdea3 e-con-full e-flex e-con e-child\" data-id=\"1b0fdea3\" data-element_type=\"container\" data-e-type=\"container\">\n\t\t\t\t<div class=\"elementor-element elementor-element-7d77fbcb elementor-widget elementor-widget-text-editor\" data-id=\"7d77fbcb\" data-element_type=\"widget\" data-e-type=\"widget\" data-widget_type=\"text-editor.default\">\n\t\t\t\t<div class=\"elementor-widget-container\">\n\t\t\t\t\t\t\t\t\t<p class=\"lead\">Private fee-for-service (PFFS) plans generally operate without a provider network, allowing you to receive service from any health care provider who agrees to treat you and accepts your plan's payment terms. These plans are especially useful for people with a small variety of health care providers or who plan to spend a lot of time beyond the limits of other plan networks (for example, splitting time living in two households). With a PFFS, you can expect to pay premiums, deductibles, copayments and coinsurance.<\/p><p class=\"lead\">For more information about the benefits of joining a PFFS plan in your area, contact a PFFS agent.\u00a0<strong>Avila Medicare Solutions<\/strong>\u00a0today.<\/p>\t\t\t\t\t\t\t\t<\/div>\n\t\t\t\t<\/div>\n\t\t\t\t<\/div>\n\t\t<div class=\"elementor-element elementor-element-652b166d e-con-full e-flex e-con e-child\" data-id=\"652b166d\" data-element_type=\"container\" data-e-type=\"container\">\n\t\t\t\t<div class=\"elementor-element elementor-element-207b6e3f elementor-widget elementor-widget-image\" data-id=\"207b6e3f\" data-element_type=\"widget\" data-e-type=\"widget\" data-widget_type=\"image.default\">\n\t\t\t\t<div class=\"elementor-widget-container\">\n\t\t\t\t\t\t\t\t\t\t\t\t\t\t\t<img fetchpriority=\"high\" decoding=\"async\" width=\"800\" height=\"531\" src=\"https:\/\/goavila.com\/wp-content\/uploads\/2024\/07\/oc-gonzalez-vzClPe2Yj8-unsplash-1024x680-1.webp\" class=\"attachment-large size-large wp-image-58021\" alt=\"\" srcset=\"https:\/\/goavila.com\/wp-content\/uploads\/2024\/07\/oc-gonzalez-vzClPe2Yj8-unsplash-1024x680-1.webp 1024w, https:\/\/goavila.com\/wp-content\/uploads\/2024\/07\/oc-gonzalez-vzClPe2Yj8-unsplash-1024x680-1-300x199.webp 300w, https:\/\/goavila.com\/wp-content\/uploads\/2024\/07\/oc-gonzalez-vzClPe2Yj8-unsplash-1024x680-1-768x510.webp 768w\" sizes=\"(max-width: 800px) 100vw, 800px\" \/>\t\t\t\t\t\t\t\t\t\t\t\t\t\t\t<\/div>\n\t\t\t\t<\/div>\n\t\t\t\t<\/div>\n\t\t\t\t\t<\/div>\n\t\t\t\t<\/div>\n\t\t<div class=\"elementor-element elementor-element-b6d5264 e-flex e-con-boxed e-con e-parent\" data-id=\"b6d5264\" data-element_type=\"container\" data-e-type=\"container\">\n\t\t\t\t\t<div class=\"e-con-inner\">\n\t\t\t\t<div class=\"elementor-element elementor-element-f35a94a elementor-widget elementor-widget-heading\" data-id=\"f35a94a\" data-element_type=\"widget\" data-e-type=\"widget\" data-widget_type=\"heading.default\">\n\t\t\t\t<div class=\"elementor-widget-container\">\n\t\t\t\t\t<h2 class=\"elementor-heading-title elementor-size-default\">Introduction to PFFS<\/h2>\t\t\t\t<\/div>\n\t\t\t\t<\/div>\n\t\t\t\t<div class=\"elementor-element elementor-element-567d133 elementor-widget elementor-widget-text-editor\" data-id=\"567d133\" data-element_type=\"widget\" data-e-type=\"widget\" data-widget_type=\"text-editor.default\">\n\t\t\t\t<div class=\"elementor-widget-container\">\n\t\t\t\t\t\t\t\t\t<p>Private fee-for-service (PFFS) plans are one of the most unique types of Medicare Advantage plans available. They offer flexibility to see any health care provider who agrees to treat you and agrees to the plan's payment terms.<\/p><p>These plans have historically been more popular in rural areas, where network plans were more restrictive and health care providers are few and far between. A PFFS plan may be a good option for you if you maintain multiple residences or travel frequently across the country. The lack of network restrictions makes this plan a popular choice for people who live in freedom.<\/p>\t\t\t\t\t\t\t\t<\/div>\n\t\t\t\t<\/div>\n\t\t\t\t<div class=\"elementor-element elementor-element-e06cb2f elementor-widget elementor-widget-heading\" data-id=\"e06cb2f\" data-element_type=\"widget\" data-e-type=\"widget\" data-widget_type=\"heading.default\">\n\t\t\t\t<div class=\"elementor-widget-container\">\n\t\t\t\t\t<h2 class=\"elementor-heading-title elementor-size-default\">PFFS Coverage<\/h2>\t\t\t\t<\/div>\n\t\t\t\t<\/div>\n\t\t\t\t<div class=\"elementor-element elementor-element-defa010 elementor-widget elementor-widget-text-editor\" data-id=\"defa010\" data-element_type=\"widget\" data-e-type=\"widget\" data-widget_type=\"text-editor.default\">\n\t\t\t\t<div class=\"elementor-widget-container\">\n\t\t\t\t\t\t\t\t\t<p>PFFS plans are a type of Medicare Advantage plan, so they give you the same coverage as Original Medicare with Medicare Part A and Part B. This means you have coverage for inpatient hospital care in a hospital or skilled nursing facility, hospice care, home health care, preventive care, and medically necessary care. This means you have medical and hospital coverage for inpatient care in a hospital or skilled nursing facility, hospice care, home health care, preventive care, and medically necessary care.<\/p><p>Your plan may also offer additional coverage for things that are not included in Part A and Part B, such as prescription drug coverage, dental care, vision care, hearing care and more. Choosing to purchase these plans will result in additional monthly premiums.<\/p>\t\t\t\t\t\t\t\t<\/div>\n\t\t\t\t<\/div>\n\t\t\t\t<div class=\"elementor-element elementor-element-2b8389e elementor-widget elementor-widget-heading\" data-id=\"2b8389e\" data-element_type=\"widget\" data-e-type=\"widget\" data-widget_type=\"heading.default\">\n\t\t\t\t<div class=\"elementor-widget-container\">\n\t\t\t\t\t<h2 class=\"elementor-heading-title elementor-size-default\">PFFS Costs<\/h2>\t\t\t\t<\/div>\n\t\t\t\t<\/div>\n\t\t\t\t<div class=\"elementor-element elementor-element-4a6fb1e elementor-widget elementor-widget-text-editor\" data-id=\"4a6fb1e\" data-element_type=\"widget\" data-e-type=\"widget\" data-widget_type=\"text-editor.default\">\n\t\t\t\t<div class=\"elementor-widget-container\">\n\t\t\t\t\t\t\t\t\t<p>For your PFFS plan, you will pay premiums, an annual deductible, copayments and coinsurance. These costs will vary between plans and will be based on accepted fair costs for covered services. You must also continue to pay your monthly Medicare Part A and Part B premiums while in a PFFS plan.<\/p><p>If your plan has a network, you will pay lower costs to receive services from health care providers within your plan's network. Seeing specialists or visiting the emergency room will result in higher out-of-pocket costs.<\/p>\t\t\t\t\t\t\t\t<\/div>\n\t\t\t\t<\/div>\n\t\t\t\t<div class=\"elementor-element elementor-element-4d8d986 elementor-widget elementor-widget-heading\" data-id=\"4d8d986\" data-element_type=\"widget\" data-e-type=\"widget\" data-widget_type=\"heading.default\">\n\t\t\t\t<div class=\"elementor-widget-container\">\n\t\t\t\t\t<h2 class=\"elementor-heading-title elementor-size-default\">Plan comparison<\/h2>\t\t\t\t<\/div>\n\t\t\t\t<\/div>\n\t\t\t\t<div class=\"elementor-element elementor-element-11f01b4 elementor-widget elementor-widget-text-editor\" data-id=\"11f01b4\" data-element_type=\"widget\" data-e-type=\"widget\" data-widget_type=\"text-editor.default\">\n\t\t\t\t<div class=\"elementor-widget-container\">\n\t\t\t\t\t\t\t\t\t<p>Unlike HMOs and PPOs, PFFS plans generally do not have networks of health care providers. You can receive care from any health care provider who agrees to treat you and accepts your plan's payment terms.<\/p><p>You do not need a primary care physician and do not need referrals to see a specialist. If your plan has a network and your current primary care physician is not in-network, you can continue to see him or her.<\/p><p>To find out if a PFFS plan is a good health insurance option for you, or to learn more about Medicare Advantage plans available in your area, call us toll-free at\u00a0<strong><a href=\"tel:855-462-8452\">855-GO-AVILA<\/a><\/strong>\u00a0or click the button below to request information.<\/p>\t\t\t\t\t\t\t\t<\/div>\n\t\t\t\t<\/div>\n\t\t\t\t\t<\/div>\n\t\t\t\t<\/div>\n\t\t\t\t<\/div>","protected":false},"excerpt":{"rendered":"<p>Los planes privados de pago por servicio (PFFS) generalmente operan sin una red de proveedores, lo que le permite recibir el servicio de cualquier proveedor de atenci\u00f3n m\u00e9dica que est\u00e9 de acuerdo en atenderlo y acepte los t\u00e9rminos de pago de su plan. Estos planes son especialmente \u00fatiles para las personas con una peque\u00f1a variedad [&hellip;]<\/p>\n","protected":false},"author":3,"featured_media":0,"parent":0,"menu_order":0,"comment_status":"closed","ping_status":"closed","template":"","meta":{"om_disable_all_campaigns":false,"footnotes":""},"class_list":["post-57761","page","type-page","status-publish","hentry"],"aioseo_notices":[],"rttpg_featured_image_url":null,"rttpg_author":{"display_name":"AvilaMedicare","author_link":"https:\/\/goavila.com\/en\/author\/avilamedicare\/"},"rttpg_comment":0,"rttpg_category":null,"rttpg_excerpt":"Los planes privados de pago por servicio (PFFS) generalmente operan sin una red de proveedores, lo que le permite recibir el servicio de cualquier proveedor de atenci\u00f3n m\u00e9dica que est\u00e9 de acuerdo en atenderlo y acepte los t\u00e9rminos de pago de su plan. Estos planes son especialmente \u00fatiles para las personas con una peque\u00f1a variedad&hellip;","_links":{"self":[{"href":"https:\/\/goavila.com\/en\/wp-json\/wp\/v2\/pages\/57761","targetHints":{"allow":["GET"]}}],"collection":[{"href":"https:\/\/goavila.com\/en\/wp-json\/wp\/v2\/pages"}],"about":[{"href":"https:\/\/goavila.com\/en\/wp-json\/wp\/v2\/types\/page"}],"author":[{"embeddable":true,"href":"https:\/\/goavila.com\/en\/wp-json\/wp\/v2\/users\/3"}],"replies":[{"embeddable":true,"href":"https:\/\/goavila.com\/en\/wp-json\/wp\/v2\/comments?post=57761"}],"version-history":[{"count":1,"href":"https:\/\/goavila.com\/en\/wp-json\/wp\/v2\/pages\/57761\/revisions"}],"predecessor-version":[{"id":62039,"href":"https:\/\/goavila.com\/en\/wp-json\/wp\/v2\/pages\/57761\/revisions\/62039"}],"wp:attachment":[{"href":"https:\/\/goavila.com\/en\/wp-json\/wp\/v2\/media?parent=57761"}],"curies":[{"name":"wp","href":"https:\/\/api.w.org\/{rel}","templated":true}]}}