{"id":57765,"date":"2024-07-05T11:14:56","date_gmt":"2024-07-05T16:14:56","guid":{"rendered":"https:\/\/goavila.com\/?page_id=57765"},"modified":"2024-12-17T09:11:05","modified_gmt":"2024-12-17T14:11:05","slug":"planes-medicare-advantage-msa","status":"publish","type":"page","link":"https:\/\/goavila.com\/en\/planes-medicare-advantage-msa\/","title":{"rendered":"Medicare Advantage MSA Plans"},"content":{"rendered":"<style>.elementor-57765 .elementor-element.elementor-element-76f155c3{--display:flex;--flex-direction:row;--container-widget-width:calc( ( 1 - var( --container-widget-flex-grow ) ) * 100% );--container-widget-height:100%;--container-widget-flex-grow:1;--container-widget-align-self:stretch;--flex-wrap-mobile:wrap;--align-items:center;--gap:0px 0px;--row-gap:0px;--column-gap:0px;}.elementor-57765 .elementor-element.elementor-element-11ef525d{--display:flex;--flex-direction:column;--container-widget-width:100%;--container-widget-height:initial;--container-widget-flex-grow:0;--container-widget-align-self:initial;--flex-wrap-mobile:wrap;--padding-top:0px;--padding-bottom:0px;--padding-left:0px;--padding-right:5px;}.elementor-57765 .elementor-element.elementor-element-2793ff83{--display:flex;--flex-direction:column;--container-widget-width:100%;--container-widget-height:initial;--container-widget-flex-grow:0;--container-widget-align-self:initial;--flex-wrap-mobile:wrap;}.elementor-57765 .elementor-element.elementor-element-ccd2b0b{--display:flex;}@media(min-width:768px){.elementor-57765 .elementor-element.elementor-element-11ef525d{--width:50%;}.elementor-57765 .elementor-element.elementor-element-2793ff83{--width:50%;}}@media(max-width:1024px){.elementor-57765 .elementor-element.elementor-element-76f155c3{--align-items:flex-start;--container-widget-width:calc( ( 1 - var( --container-widget-flex-grow ) ) * 100% );}}@media(max-width:767px){.elementor-57765 .elementor-element.elementor-element-76f155c3{--align-items:flex-start;--container-widget-width:calc( ( 1 - var( --container-widget-flex-grow ) ) * 100% );}.elementor-57765 .elementor-element.elementor-element-11ef525d{--margin-top:0px;--margin-bottom:10px;--margin-left:0px;--margin-right:0px;}.elementor-57765 .elementor-element.elementor-element-2793ff83{--padding-top:0px;--padding-bottom:0px;--padding-left:0px;--padding-right:0px;}}<\/style>\t\t<div data-elementor-type=\"wp-page\" data-elementor-id=\"57765\" class=\"elementor elementor-57765\" data-elementor-post-type=\"page\">\n\t\t\t\t<div class=\"elementor-element elementor-element-76f155c3 e-flex e-con-boxed e-con e-parent\" data-id=\"76f155c3\" data-element_type=\"container\" data-e-type=\"container\">\n\t\t\t\t\t<div class=\"e-con-inner\">\n\t\t<div class=\"elementor-element elementor-element-11ef525d e-con-full e-flex e-con e-child\" data-id=\"11ef525d\" data-element_type=\"container\" data-e-type=\"container\">\n\t\t\t\t<div class=\"elementor-element elementor-element-3e44ade1 elementor-widget elementor-widget-text-editor\" data-id=\"3e44ade1\" data-element_type=\"widget\" data-e-type=\"widget\" data-widget_type=\"text-editor.default\">\n\t\t\t\t<div class=\"elementor-widget-container\">\n\t\t\t\t\t\t\t\t\t<p class=\"lead\">Medicare Medical Savings Account (MSA) plans are a type of Medicare Advantage plan with a high deductible health plan and a medical savings account. You can use the Medicare money in your MSA for qualified medical expenses before you meet your deductible. For more information on available MSAs, talk to an Avila Medicare Solutions agent.<\/p>\t\t\t\t\t\t\t\t<\/div>\n\t\t\t\t<\/div>\n\t\t\t\t<\/div>\n\t\t<div class=\"elementor-element elementor-element-2793ff83 e-con-full e-flex e-con e-child\" data-id=\"2793ff83\" data-element_type=\"container\" data-e-type=\"container\">\n\t\t\t\t<div class=\"elementor-element elementor-element-662d1aaa elementor-widget elementor-widget-image\" data-id=\"662d1aaa\" data-element_type=\"widget\" data-e-type=\"widget\" data-widget_type=\"image.default\">\n\t\t\t\t<div class=\"elementor-widget-container\">\n\t\t\t\t\t\t\t\t\t\t\t\t\t\t\t<img fetchpriority=\"high\" decoding=\"async\" width=\"800\" height=\"534\" src=\"https:\/\/goavila.com\/wp-content\/uploads\/2024\/07\/manny-becerra-XvzJVbeaK_4-unsplash-1024x683-1.webp\" class=\"attachment-large size-large wp-image-58071\" alt=\"\" srcset=\"https:\/\/goavila.com\/wp-content\/uploads\/2024\/07\/manny-becerra-XvzJVbeaK_4-unsplash-1024x683-1.webp 1024w, https:\/\/goavila.com\/wp-content\/uploads\/2024\/07\/manny-becerra-XvzJVbeaK_4-unsplash-1024x683-1-300x200.webp 300w, https:\/\/goavila.com\/wp-content\/uploads\/2024\/07\/manny-becerra-XvzJVbeaK_4-unsplash-1024x683-1-768x512.webp 768w\" sizes=\"(max-width: 800px) 100vw, 800px\" \/>\t\t\t\t\t\t\t\t\t\t\t\t\t\t\t<\/div>\n\t\t\t\t<\/div>\n\t\t\t\t<\/div>\n\t\t\t\t\t<\/div>\n\t\t\t\t<\/div>\n\t\t<div class=\"elementor-element elementor-element-ccd2b0b e-flex e-con-boxed e-con e-parent\" data-id=\"ccd2b0b\" data-element_type=\"container\" data-e-type=\"container\">\n\t\t\t\t\t<div class=\"e-con-inner\">\n\t\t\t\t<div class=\"elementor-element elementor-element-d292f63 elementor-widget elementor-widget-heading\" data-id=\"d292f63\" data-element_type=\"widget\" data-e-type=\"widget\" data-widget_type=\"heading.default\">\n\t\t\t\t<div class=\"elementor-widget-container\">\n\t\t\t\t\t<h2 class=\"elementor-heading-title elementor-size-default\">Introduction to SNP<\/h2>\t\t\t\t<\/div>\n\t\t\t\t<\/div>\n\t\t\t\t<div class=\"elementor-element elementor-element-d8a59b9 elementor-widget elementor-widget-text-editor\" data-id=\"d8a59b9\" data-element_type=\"widget\" data-e-type=\"widget\" data-widget_type=\"text-editor.default\">\n\t\t\t\t<div class=\"elementor-widget-container\">\n\t\t\t\t\t\t\t\t\t<p>Special Needs Plans (SNPs) are created to meet the needs of your plan members. There are three types of SNPs and each is restricted to individuals who meet certain criteria.<\/p><p>Chronic Condition SNPs (C-SNPs) are for people who have one or more chronic conditions as defined by the Centers for Medicare &amp; Medicaid Services (CMS). These SNPs are designed to help give your members the health care they need. That includes access to treatment and coverage for their conditions and the ability to access a network of health care professionals who can treat their condition.<\/p><p>Dual Eligible SNPs (D-SNPs) are for people who are eligible for both Medicare and Medicaid. These SNPs give their members access to a network of health care providers who accept Medicaid coverage.<\/p><p>Institutional SNPs (I-SNPs) are for people who live in an institution such as a skilled nursing facility or adult disability facility on a permanent basis (at least 90 days). These plans provide their members with all the coverage needed for this population.<\/p>\t\t\t\t\t\t\t\t<\/div>\n\t\t\t\t<\/div>\n\t\t\t\t<div class=\"elementor-element elementor-element-05fd202 elementor-widget elementor-widget-heading\" data-id=\"05fd202\" data-element_type=\"widget\" data-e-type=\"widget\" data-widget_type=\"heading.default\">\n\t\t\t\t<div class=\"elementor-widget-container\">\n\t\t\t\t\t<h2 class=\"elementor-heading-title elementor-size-default\">SNP Coverage<\/h2>\t\t\t\t<\/div>\n\t\t\t\t<\/div>\n\t\t\t\t<div class=\"elementor-element elementor-element-8003509 elementor-widget elementor-widget-text-editor\" data-id=\"8003509\" data-element_type=\"widget\" data-e-type=\"widget\" data-widget_type=\"text-editor.default\">\n\t\t\t\t<div class=\"elementor-widget-container\">\n\t\t\t\t\t\t\t\t\t<p>As a type of Medicare Advantage plan, special needs plans have all the coverage you get from Medicare Part A and Part B. This includes medical and hospital insurance, which covers inpatient care in a hospital or skilled nursing facility, hospice care, home health care, preventive care and medically necessary services. This includes medical and hospital insurance, which covers inpatient care in a hospital or skilled nursing facility, hospice care, home health care, preventive care and medically necessary services.<\/p><p>All SNPs also have prescription drug coverage.<\/p>\t\t\t\t\t\t\t\t<\/div>\n\t\t\t\t<\/div>\n\t\t\t\t<div class=\"elementor-element elementor-element-f070842 elementor-widget elementor-widget-heading\" data-id=\"f070842\" data-element_type=\"widget\" data-e-type=\"widget\" data-widget_type=\"heading.default\">\n\t\t\t\t<div class=\"elementor-widget-container\">\n\t\t\t\t\t<h2 class=\"elementor-heading-title elementor-size-default\">SNP Costs<\/h2>\t\t\t\t<\/div>\n\t\t\t\t<\/div>\n\t\t\t\t<div class=\"elementor-element elementor-element-0839ec9 elementor-widget elementor-widget-text-editor\" data-id=\"0839ec9\" data-element_type=\"widget\" data-e-type=\"widget\" data-widget_type=\"text-editor.default\">\n\t\t\t\t<div class=\"elementor-widget-container\">\n\t\t\t\t\t\t\t\t\t<p>For your SNP, you will pay premiums, an annual deductible, copayments and coinsurance. Prescription drug costs will work the same way as in a Part D plan. You will pay copayments based on whether your prescription is generic or brand name, preferred or non-preferred, or a specialty drug. You will also continue to pay your monthly Part A and Part B premiums, as with all Medicare Advantage plans.<\/p>\t\t\t\t\t\t\t\t<\/div>\n\t\t\t\t<\/div>\n\t\t\t\t<div class=\"elementor-element elementor-element-685929e elementor-widget elementor-widget-heading\" data-id=\"685929e\" data-element_type=\"widget\" data-e-type=\"widget\" data-widget_type=\"heading.default\">\n\t\t\t\t<div class=\"elementor-widget-container\">\n\t\t\t\t\t<h2 class=\"elementor-heading-title elementor-size-default\">Plan comparison<\/h2>\t\t\t\t<\/div>\n\t\t\t\t<\/div>\n\t\t\t\t<div class=\"elementor-element elementor-element-5a0ce45 elementor-widget elementor-widget-text-editor\" data-id=\"5a0ce45\" data-element_type=\"widget\" data-e-type=\"widget\" data-widget_type=\"text-editor.default\">\n\t\t\t\t<div class=\"elementor-widget-container\">\n\t\t\t\t\t\t\t\t\t<p>Special needs plans require that you have a primary care physician or care coordinator. You must also get a referral to see a specialist in most cases.<\/p><p>These plans have networks of health care providers that are tailored to the needs of these groups. The ability for people with chronic conditions to visit specialists and health care providers who can treat their conditions is a key benefit of C-SNPs. D-SNPs offer low prescription drug costs and special financing options, ensuring that their providers accept Medicaid coverage. SNP networks are designed to be a benefit to plan members.<\/p>\t\t\t\t\t\t\t\t<\/div>\n\t\t\t\t<\/div>\n\t\t\t\t\t<\/div>\n\t\t\t\t<\/div>\n\t\t\t\t<\/div>","protected":false},"excerpt":{"rendered":"<p>Los planes Medicare Medical Savings Account (MSA) son un tipo de plan Medicare Advantage con un plan de salud con deducible alto y una cuenta de ahorros m\u00e9dicos. Puede usar el dinero de Medicare en su cuenta de ahorros m\u00e9dicos para gastos m\u00e9dicos calificados antes de alcanzar su deducible. Para obtener m\u00e1s informaci\u00f3n sobre las [&hellip;]<\/p>\n","protected":false},"author":3,"featured_media":0,"parent":0,"menu_order":0,"comment_status":"closed","ping_status":"closed","template":"","meta":{"om_disable_all_campaigns":false,"footnotes":""},"class_list":["post-57765","page","type-page","status-publish","hentry"],"aioseo_notices":[],"rttpg_featured_image_url":null,"rttpg_author":{"display_name":"AvilaMedicare","author_link":"https:\/\/goavila.com\/en\/author\/avilamedicare\/"},"rttpg_comment":0,"rttpg_category":null,"rttpg_excerpt":"Los planes Medicare Medical Savings Account (MSA) son un tipo de plan Medicare Advantage con un plan de salud con deducible alto y una cuenta de ahorros m\u00e9dicos. Puede usar el dinero de Medicare en su cuenta de ahorros m\u00e9dicos para gastos m\u00e9dicos calificados antes de alcanzar su deducible. Para obtener m\u00e1s informaci\u00f3n sobre las&hellip;","_links":{"self":[{"href":"https:\/\/goavila.com\/en\/wp-json\/wp\/v2\/pages\/57765","targetHints":{"allow":["GET"]}}],"collection":[{"href":"https:\/\/goavila.com\/en\/wp-json\/wp\/v2\/pages"}],"about":[{"href":"https:\/\/goavila.com\/en\/wp-json\/wp\/v2\/types\/page"}],"author":[{"embeddable":true,"href":"https:\/\/goavila.com\/en\/wp-json\/wp\/v2\/users\/3"}],"replies":[{"embeddable":true,"href":"https:\/\/goavila.com\/en\/wp-json\/wp\/v2\/comments?post=57765"}],"version-history":[{"count":1,"href":"https:\/\/goavila.com\/en\/wp-json\/wp\/v2\/pages\/57765\/revisions"}],"predecessor-version":[{"id":62041,"href":"https:\/\/goavila.com\/en\/wp-json\/wp\/v2\/pages\/57765\/revisions\/62041"}],"wp:attachment":[{"href":"https:\/\/goavila.com\/en\/wp-json\/wp\/v2\/media?parent=57765"}],"curies":[{"name":"wp","href":"https:\/\/api.w.org\/{rel}","templated":true}]}}