{"id":57780,"date":"2024-07-05T12:07:07","date_gmt":"2024-07-05T17:07:07","guid":{"rendered":"https:\/\/goavila.com\/?page_id=57780"},"modified":"2024-12-17T09:12:33","modified_gmt":"2024-12-17T14:12:33","slug":"plan-a","status":"publish","type":"page","link":"https:\/\/goavila.com\/en\/plan-a\/","title":{"rendered":"Plan A"},"content":{"rendered":"<style>.elementor-57780 .elementor-element.elementor-element-1d39c8a{--display:flex;}.elementor-57780 .elementor-element.elementor-element-28d01c4e{--display:flex;--margin-top:15px;--margin-bottom:0px;--margin-left:0px;--margin-right:0px;}.elementor-57780 .elementor-element.elementor-element-6327dae8{--display:flex;--flex-direction:row;--container-widget-width:initial;--container-widget-height:100%;--container-widget-flex-grow:1;--container-widget-align-self:stretch;--flex-wrap-mobile:wrap;border-style:solid;--border-style:solid;border-width:10px 0px 0px 0px;--border-top-width:10px;--border-right-width:0px;--border-bottom-width:0px;--border-left-width:0px;border-color:var( --e-global-color-primary );--border-color:var( --e-global-color-primary );--padding-top:30px;--padding-bottom:30px;--padding-left:20px;--padding-right:20px;}.elementor-57780 .elementor-element.elementor-element-6327dae8:not(.elementor-motion-effects-element-type-background), .elementor-57780 .elementor-element.elementor-element-6327dae8 > .elementor-motion-effects-container > .elementor-motion-effects-layer{background-color:#FCFCFC;}.elementor-57780 .elementor-element.elementor-element-427177f8{--display:flex;}.elementor-57780 .elementor-element.elementor-element-589f311c .elementor-heading-title{font-family:\"Catamaran\", Sans-serif;font-size:38px;font-weight:600;text-transform:capitalize;}.elementor-57780 .elementor-element.elementor-element-16cbdae4 .elementor-heading-title{font-size:20px;font-weight:500;text-transform:capitalize;}.elementor-57780 .elementor-element.elementor-element-5f181234{--display:flex;}.elementor-57780 .elementor-element.elementor-element-33e93752 .elementor-icon-list-items:not(.elementor-inline-items) .elementor-icon-list-item:not(:last-child){padding-block-end:calc(25px\/2);}.elementor-57780 .elementor-element.elementor-element-33e93752 .elementor-icon-list-items:not(.elementor-inline-items) .elementor-icon-list-item:not(:first-child){margin-block-start:calc(25px\/2);}.elementor-57780 .elementor-element.elementor-element-33e93752 .elementor-icon-list-items.elementor-inline-items .elementor-icon-list-item{margin-inline:calc(25px\/2);}.elementor-57780 .elementor-element.elementor-element-33e93752 .elementor-icon-list-items.elementor-inline-items{margin-inline:calc(-25px\/2);}.elementor-57780 .elementor-element.elementor-element-33e93752 .elementor-icon-list-items.elementor-inline-items .elementor-icon-list-item:after{inset-inline-end:calc(-25px\/2);}.elementor-57780 .elementor-element.elementor-element-33e93752 .elementor-icon-list-item:not(:last-child):after{content:\"\";border-color:#DDDDDD70;}.elementor-57780 .elementor-element.elementor-element-33e93752 .elementor-icon-list-items:not(.elementor-inline-items) .elementor-icon-list-item:not(:last-child):after{border-block-start-style:solid;border-block-start-width:1px;}.elementor-57780 .elementor-element.elementor-element-33e93752 .elementor-icon-list-items.elementor-inline-items .elementor-icon-list-item:not(:last-child):after{border-inline-start-style:solid;}.elementor-57780 .elementor-element.elementor-element-33e93752 .elementor-inline-items .elementor-icon-list-item:not(:last-child):after{border-inline-start-width:1px;}.elementor-57780 .elementor-element.elementor-element-33e93752 .elementor-icon-list-icon i{transition:color 0.3s;}.elementor-57780 .elementor-element.elementor-element-33e93752 .elementor-icon-list-icon svg{transition:fill 0.3s;}.elementor-57780 .elementor-element.elementor-element-33e93752{--e-icon-list-icon-size:35px;--e-icon-list-icon-align:center;--e-icon-list-icon-margin:0 calc(var(--e-icon-list-icon-size, 1em) * 0.125);--icon-vertical-align:center;--icon-vertical-offset:0px;}.elementor-57780 .elementor-element.elementor-element-33e93752 .elementor-icon-list-item > .elementor-icon-list-text, .elementor-57780 .elementor-element.elementor-element-33e93752 .elementor-icon-list-item > a{font-size:18px;font-weight:600;}.elementor-57780 .elementor-element.elementor-element-33e93752 .elementor-icon-list-text{transition:color 0.3s;}.elementor-57780 .elementor-element.elementor-element-db28b94{--display:flex;}@media(max-width:1024px){.elementor-57780 .elementor-element.elementor-element-589f311c .elementor-heading-title{font-size:32px;}.elementor-57780 .elementor-element.elementor-element-16cbdae4 .elementor-heading-title{font-size:18px;}.elementor-57780 .elementor-element.elementor-element-33e93752 .elementor-icon-list-item > .elementor-icon-list-text, .elementor-57780 .elementor-element.elementor-element-33e93752 .elementor-icon-list-item > a{font-size:16px;}}@media(min-width:768px){.elementor-57780 .elementor-element.elementor-element-427177f8{--width:30%;}.elementor-57780 .elementor-element.elementor-element-5f181234{--width:70%;}}@media(max-width:1024px) and (min-width:768px){.elementor-57780 .elementor-element.elementor-element-427177f8{--width:43%;}}@media(max-width:767px){.elementor-57780 .elementor-element.elementor-element-6327dae8{--padding-top:20px;--padding-bottom:25px;--padding-left:15px;--padding-right:15px;}.elementor-57780 .elementor-element.elementor-element-427177f8{--padding-top:0px;--padding-bottom:0px;--padding-left:0px;--padding-right:0px;}.elementor-57780 .elementor-element.elementor-element-589f311c .elementor-heading-title{font-size:30px;}.elementor-57780 .elementor-element.elementor-element-5f181234{--padding-top:0px;--padding-bottom:0px;--padding-left:0px;--padding-right:0px;}.elementor-57780 .elementor-element.elementor-element-33e93752 .elementor-icon-list-item > .elementor-icon-list-text, .elementor-57780 .elementor-element.elementor-element-33e93752 .elementor-icon-list-item > a{font-size:14px;}}<\/style>\t\t<div data-elementor-type=\"wp-page\" data-elementor-id=\"57780\" class=\"elementor elementor-57780\" data-elementor-post-type=\"page\">\n\t\t\t\t<div class=\"elementor-element elementor-element-1d39c8a e-flex e-con-boxed e-con e-parent\" data-id=\"1d39c8a\" data-element_type=\"container\" data-e-type=\"container\">\n\t\t\t\t\t<div class=\"e-con-inner\">\n\t\t\t\t<div class=\"elementor-element elementor-element-b3f2b35 elementor-widget elementor-widget-text-editor\" data-id=\"b3f2b35\" data-element_type=\"widget\" data-e-type=\"widget\" data-widget_type=\"text-editor.default\">\n\t\t\t\t<div class=\"elementor-widget-container\">\n\t\t\t\t\t\t\t\t\t<p>Medicare Supplement Plan A is the most basic of the ten Medicare Supplement plans or Medigap policies and provides coverage for both Medicare coinsurance and Medicare Part A coinsurance.\u00a0<a href=\"https:\/\/goavila.com\/en\/parte-a\/\" target=\"_blank\" rel=\"noopener\">Part A<\/a>\u00a0for hospital stays as well as for Medicare hospital coinsurance.\u00a0<a href=\"https:\/\/goavila.com\/en\/parte-b\/\" target=\"_blank\" rel=\"noopener\">Part B<\/a>\u00a0Medicare supplemental insurance for physicians and medical services. While it is not one of the most popular plan options among Medicare beneficiaries, all insurance companies that sell Medicare supplement insurance must offer it.<\/p>\t\t\t\t\t\t\t\t<\/div>\n\t\t\t\t<\/div>\n\t\t\t\t<div class=\"elementor-element elementor-element-2b3260f elementor-widget elementor-widget-button\" data-id=\"2b3260f\" data-element_type=\"widget\" data-e-type=\"widget\" data-widget_type=\"button.default\">\n\t\t\t\t<div class=\"elementor-widget-container\">\n\t\t\t\t\t\t\t\t\t<div class=\"elementor-button-wrapper\">\n\t\t\t\t\t<a class=\"elementor-button elementor-button-link elementor-size-sm\" href=\"https:\/\/goavila.com\/en\/contact-us\/\">\n\t\t\t\t\t\t<span class=\"elementor-button-content-wrapper\">\n\t\t\t\t\t\t\t\t\t<span class=\"elementor-button-text\">Request a free quote<\/span>\n\t\t\t\t\t<\/span>\n\t\t\t\t\t<\/a>\n\t\t\t\t<\/div>\n\t\t\t\t\t\t\t\t<\/div>\n\t\t\t\t<\/div>\n\t\t\t\t\t<\/div>\n\t\t\t\t<\/div>\n\t\t<div class=\"elementor-element elementor-element-28d01c4e e-flex e-con-boxed e-con e-parent\" data-id=\"28d01c4e\" data-element_type=\"container\" data-e-type=\"container\">\n\t\t\t\t\t<div class=\"e-con-inner\">\n\t\t<div class=\"elementor-element elementor-element-6327dae8 e-con-full e-flex e-con e-child\" data-id=\"6327dae8\" data-element_type=\"container\" data-e-type=\"container\" data-settings=\"{&quot;background_background&quot;:&quot;classic&quot;}\">\n\t\t<div class=\"elementor-element elementor-element-427177f8 e-con-full e-flex e-con e-child\" data-id=\"427177f8\" data-element_type=\"container\" data-e-type=\"container\">\n\t\t\t\t<div class=\"elementor-element elementor-element-589f311c elementor-widget elementor-widget-heading\" data-id=\"589f311c\" data-element_type=\"widget\" data-e-type=\"widget\" data-widget_type=\"heading.default\">\n\t\t\t\t<div class=\"elementor-widget-container\">\n\t\t\t\t\t<h3 class=\"elementor-heading-title elementor-size-default\">Plan A<\/h3>\t\t\t\t<\/div>\n\t\t\t\t<\/div>\n\t\t\t\t<div class=\"elementor-element elementor-element-16cbdae4 elementor-widget elementor-widget-heading\" data-id=\"16cbdae4\" data-element_type=\"widget\" data-e-type=\"widget\" data-widget_type=\"heading.default\">\n\t\t\t\t<div class=\"elementor-widget-container\">\n\t\t\t\t\t<h3 class=\"elementor-heading-title elementor-size-default\">Medicare Supplement<\/h3>\t\t\t\t<\/div>\n\t\t\t\t<\/div>\n\t\t\t\t<\/div>\n\t\t<div class=\"elementor-element elementor-element-5f181234 e-con-full e-flex e-con e-child\" data-id=\"5f181234\" data-element_type=\"container\" data-e-type=\"container\">\n\t\t\t\t<div class=\"elementor-element elementor-element-33e93752 elementor-align-start elementor-icon-list--layout-traditional elementor-list-item-link-full_width elementor-widget elementor-widget-icon-list\" data-id=\"33e93752\" data-element_type=\"widget\" data-e-type=\"widget\" data-widget_type=\"icon-list.default\">\n\t\t\t\t<div class=\"elementor-widget-container\">\n\t\t\t\t\t\t\t<ul class=\"elementor-icon-list-items\">\n\t\t\t\t\t\t\t<li class=\"elementor-icon-list-item\">\n\t\t\t\t\t\t\t\t\t\t\t<span class=\"elementor-icon-list-icon\">\n\t\t\t\t\t\t\t<svg xmlns=\"http:\/\/www.w3.org\/2000\/svg\" viewbox=\"0 0 448 512\"><path fill=\"#39b54a\" d=\"M438.6 105.4c12.5 12.5 12.5 32.8 0 45.3l-256 256c-12.5 12.5-32.8 12.5-45.3 0l-128-128c-12.5-12.5-12.5-32.8 0-45.3s32.8-12.5 45.3 0L160 338.7 393.4 105.4c12.5-12.5 32.8-12.5 45.3 0z\"><\/path><\/svg>\t\t\t\t\t\t<\/span>\n\t\t\t\t\t\t\t\t\t\t<span class=\"elementor-icon-list-text\">Part A (Hospital) Coinsurance<\/span>\n\t\t\t\t\t\t\t\t\t<\/li>\n\t\t\t\t\t\t\t\t<li class=\"elementor-icon-list-item\">\n\t\t\t\t\t\t\t\t\t\t\t<span class=\"elementor-icon-list-icon\">\n\t\t\t\t\t\t\t<svg xmlns=\"http:\/\/www.w3.org\/2000\/svg\" viewbox=\"0 0 448 512\"><path fill=\"#39b54a\" d=\"M438.6 105.4c12.5 12.5 12.5 32.8 0 45.3l-256 256c-12.5 12.5-32.8 12.5-45.3 0l-128-128c-12.5-12.5-12.5-32.8 0-45.3s32.8-12.5 45.3 0L160 338.7 393.4 105.4c12.5-12.5 32.8-12.5 45.3 0z\"><\/path><\/svg>\t\t\t\t\t\t<\/span>\n\t\t\t\t\t\t\t\t\t\t<span class=\"elementor-icon-list-text\">Part B (Medical) Coinsurance<\/span>\n\t\t\t\t\t\t\t\t\t<\/li>\n\t\t\t\t\t\t\t\t<li class=\"elementor-icon-list-item\">\n\t\t\t\t\t\t\t\t\t\t\t<span class=\"elementor-icon-list-icon\">\n\t\t\t\t\t\t\t<svg xmlns=\"http:\/\/www.w3.org\/2000\/svg\" viewbox=\"0 0 448 512\"><path fill=\"#39b54a\" d=\"M438.6 105.4c12.5 12.5 12.5 32.8 0 45.3l-256 256c-12.5 12.5-32.8 12.5-45.3 0l-128-128c-12.5-12.5-12.5-32.8 0-45.3s32.8-12.5 45.3 0L160 338.7 393.4 105.4c12.5-12.5 32.8-12.5 45.3 0z\"><\/path><\/svg>\t\t\t\t\t\t<\/span>\n\t\t\t\t\t\t\t\t\t\t<span class=\"elementor-icon-list-text\">Part A Hospice Copayment<\/span>\n\t\t\t\t\t\t\t\t\t<\/li>\n\t\t\t\t\t\t\t\t<li class=\"elementor-icon-list-item\">\n\t\t\t\t\t\t\t\t\t\t\t<span class=\"elementor-icon-list-icon\">\n\t\t\t\t\t\t\t<svg xmlns=\"http:\/\/www.w3.org\/2000\/svg\" viewbox=\"0 0 448 512\"><path fill=\"#39b54a\" d=\"M438.6 105.4c12.5 12.5 12.5 32.8 0 45.3l-256 256c-12.5 12.5-32.8 12.5-45.3 0l-128-128c-12.5-12.5-12.5-32.8 0-45.3s32.8-12.5 45.3 0L160 338.7 393.4 105.4c12.5-12.5 32.8-12.5 45.3 0z\"><\/path><\/svg>\t\t\t\t\t\t<\/span>\n\t\t\t\t\t\t\t\t\t\t<span class=\"elementor-icon-list-text\">First 3 pints of blood<\/span>\n\t\t\t\t\t\t\t\t\t<\/li>\n\t\t\t\t\t\t\t\t<li class=\"elementor-icon-list-item\">\n\t\t\t\t\t\t\t\t\t\t\t<span class=\"elementor-icon-list-icon\">\n\t\t\t\t\t\t\t<svg xmlns=\"http:\/\/www.w3.org\/2000\/svg\" viewbox=\"0 0 384 512\"><path fill=\"#ff0040\" d=\"M342.6 150.6c12.5-12.5 12.5-32.8 0-45.3s-32.8-12.5-45.3 0L192 210.7 86.6 105.4c-12.5-12.5-32.8-12.5-45.3 0s-12.5 32.8 0 45.3L146.7 256 41.4 361.4c-12.5 12.5-12.5 32.8 0 45.3s32.8 12.5 45.3 0L192 301.3 297.4 406.6c12.5 12.5 32.8 12.5 45.3 0s12.5-32.8 0-45.3L237.3 256 342.6 150.6z\"><\/path><\/svg>\t\t\t\t\t\t<\/span>\n\t\t\t\t\t\t\t\t\t\t<span class=\"elementor-icon-list-text\">Skilled Nursing Copayment<\/span>\n\t\t\t\t\t\t\t\t\t<\/li>\n\t\t\t\t\t\t\t\t<li class=\"elementor-icon-list-item\">\n\t\t\t\t\t\t\t\t\t\t\t<span class=\"elementor-icon-list-icon\">\n\t\t\t\t\t\t\t<svg xmlns=\"http:\/\/www.w3.org\/2000\/svg\" viewbox=\"0 0 384 512\"><path fill=\"#ff0040\" d=\"M342.6 150.6c12.5-12.5 12.5-32.8 0-45.3s-32.8-12.5-45.3 0L192 210.7 86.6 105.4c-12.5-12.5-32.8-12.5-45.3 0s-12.5 32.8 0 45.3L146.7 256 41.4 361.4c-12.5 12.5-12.5 32.8 0 45.3s32.8 12.5 45.3 0L192 301.3 297.4 406.6c12.5 12.5 32.8 12.5 45.3 0s12.5-32.8 0-45.3L237.3 256 342.6 150.6z\"><\/path><\/svg>\t\t\t\t\t\t<\/span>\n\t\t\t\t\t\t\t\t\t\t<span class=\"elementor-icon-list-text\">Part A Deductible<\/span>\n\t\t\t\t\t\t\t\t\t<\/li>\n\t\t\t\t\t\t\t\t<li class=\"elementor-icon-list-item\">\n\t\t\t\t\t\t\t\t\t\t\t<span class=\"elementor-icon-list-icon\">\n\t\t\t\t\t\t\t<svg xmlns=\"http:\/\/www.w3.org\/2000\/svg\" viewbox=\"0 0 384 512\"><path fill=\"#ff0040\" d=\"M342.6 150.6c12.5-12.5 12.5-32.8 0-45.3s-32.8-12.5-45.3 0L192 210.7 86.6 105.4c-12.5-12.5-32.8-12.5-45.3 0s-12.5 32.8 0 45.3L146.7 256 41.4 361.4c-12.5 12.5-12.5 32.8 0 45.3s32.8 12.5 45.3 0L192 301.3 297.4 406.6c12.5 12.5 32.8 12.5 45.3 0s12.5-32.8 0-45.3L237.3 256 342.6 150.6z\"><\/path><\/svg>\t\t\t\t\t\t<\/span>\n\t\t\t\t\t\t\t\t\t\t<span class=\"elementor-icon-list-text\">Part B Deductible<\/span>\n\t\t\t\t\t\t\t\t\t<\/li>\n\t\t\t\t\t\t\t\t<li class=\"elementor-icon-list-item\">\n\t\t\t\t\t\t\t\t\t\t\t<span class=\"elementor-icon-list-icon\">\n\t\t\t\t\t\t\t<svg xmlns=\"http:\/\/www.w3.org\/2000\/svg\" viewbox=\"0 0 384 512\"><path fill=\"#ff0040\" d=\"M342.6 150.6c12.5-12.5 12.5-32.8 0-45.3s-32.8-12.5-45.3 0L192 210.7 86.6 105.4c-12.5-12.5-32.8-12.5-45.3 0s-12.5 32.8 0 45.3L146.7 256 41.4 361.4c-12.5 12.5-12.5 32.8 0 45.3s32.8 12.5 45.3 0L192 301.3 297.4 406.6c12.5 12.5 32.8 12.5 45.3 0s12.5-32.8 0-45.3L237.3 256 342.6 150.6z\"><\/path><\/svg>\t\t\t\t\t\t<\/span>\n\t\t\t\t\t\t\t\t\t\t<span class=\"elementor-icon-list-text\">Part B Excess Charges<\/span>\n\t\t\t\t\t\t\t\t\t<\/li>\n\t\t\t\t\t\t\t\t<li class=\"elementor-icon-list-item\">\n\t\t\t\t\t\t\t\t\t\t\t<span class=\"elementor-icon-list-icon\">\n\t\t\t\t\t\t\t<svg xmlns=\"http:\/\/www.w3.org\/2000\/svg\" viewbox=\"0 0 384 512\"><path fill=\"#ff0040\" d=\"M342.6 150.6c12.5-12.5 12.5-32.8 0-45.3s-32.8-12.5-45.3 0L192 210.7 86.6 105.4c-12.5-12.5-32.8-12.5-45.3 0s-12.5 32.8 0 45.3L146.7 256 41.4 361.4c-12.5 12.5-12.5 32.8 0 45.3s32.8 12.5 45.3 0L192 301.3 297.4 406.6c12.5 12.5 32.8 12.5 45.3 0s12.5-32.8 0-45.3L237.3 256 342.6 150.6z\"><\/path><\/svg>\t\t\t\t\t\t<\/span>\n\t\t\t\t\t\t\t\t\t\t<span class=\"elementor-icon-list-text\">Emergency Foreign Travel<\/span>\n\t\t\t\t\t\t\t\t\t<\/li>\n\t\t\t\t\t\t<\/ul>\n\t\t\t\t\t\t<\/div>\n\t\t\t\t<\/div>\n\t\t\t\t<\/div>\n\t\t\t\t<\/div>\n\t\t\t\t\t<\/div>\n\t\t\t\t<\/div>\n\t\t<div class=\"elementor-element elementor-element-db28b94 e-flex e-con-boxed e-con e-parent\" data-id=\"db28b94\" data-element_type=\"container\" data-e-type=\"container\">\n\t\t\t\t\t<div class=\"e-con-inner\">\n\t\t\t\t<div class=\"elementor-element elementor-element-e8e91a1 elementor-widget elementor-widget-text-editor\" data-id=\"e8e91a1\" data-element_type=\"widget\" data-e-type=\"widget\" data-widget_type=\"text-editor.default\">\n\t\t\t\t<div class=\"elementor-widget-container\">\n\t\t\t\t\t\t\t\t\t<p class=\"lead\">As you can see in the chart above, the Medicare Supplement A plan will provide full coverage for the following expenses:<\/p><ul><li>Coinsurance of the\u00a0<a href=\"https:\/\/goavila.com\/en\/parte-a\/\" target=\"_blank\" rel=\"noopener\">Part A<\/a>\u00a0Medicare benefits for hospital stays, including an additional 365 days after your Medicare benefits are exhausted.<\/li><li>Coinsurance of the\u00a0<a href=\"https:\/\/goavila.com\/en\/parte-b\/\" target=\"_blank\" rel=\"noopener\">Part B<\/a>\u00a0Medicare for physicians and outpatient physician services.<\/li><li>Medicare Part A copayment for hospice services.<\/li><li>The first three pints of blood required for any medical procedure.<\/li><\/ul>\t\t\t\t\t\t\t\t<\/div>\n\t\t\t\t<\/div>\n\t\t\t\t\t<\/div>\n\t\t\t\t<\/div>\n\t\t\t\t<\/div>","protected":false},"excerpt":{"rendered":"<p>El plan suplementario de Medicare A es el m\u00e1s b\u00e1sico de los diez planes suplementarios de Medicare o p\u00f3lizas Medigap y proporciona cobertura tanto para el coseguro de la\u00a0Parte A\u00a0de Medicare para estad\u00edas en el hospital como para el coseguro de la\u00a0Parte B\u00a0de Medicare para m\u00e9dicos y servicios m\u00e9dicos. Si bien no es una de [&hellip;]<\/p>\n","protected":false},"author":3,"featured_media":0,"parent":0,"menu_order":0,"comment_status":"closed","ping_status":"closed","template":"","meta":{"om_disable_all_campaigns":false,"footnotes":""},"class_list":["post-57780","page","type-page","status-publish","hentry"],"aioseo_notices":[],"rttpg_featured_image_url":null,"rttpg_author":{"display_name":"AvilaMedicare","author_link":"https:\/\/goavila.com\/en\/author\/avilamedicare\/"},"rttpg_comment":0,"rttpg_category":null,"rttpg_excerpt":"El plan suplementario de Medicare A es el m\u00e1s b\u00e1sico de los diez planes suplementarios de Medicare o p\u00f3lizas Medigap y proporciona cobertura tanto para el coseguro de la\u00a0Parte A\u00a0de Medicare para estad\u00edas en el hospital como para el coseguro de la\u00a0Parte B\u00a0de Medicare para m\u00e9dicos y servicios m\u00e9dicos. Si bien no es una de&hellip;","_links":{"self":[{"href":"https:\/\/goavila.com\/en\/wp-json\/wp\/v2\/pages\/57780","targetHints":{"allow":["GET"]}}],"collection":[{"href":"https:\/\/goavila.com\/en\/wp-json\/wp\/v2\/pages"}],"about":[{"href":"https:\/\/goavila.com\/en\/wp-json\/wp\/v2\/types\/page"}],"author":[{"embeddable":true,"href":"https:\/\/goavila.com\/en\/wp-json\/wp\/v2\/users\/3"}],"replies":[{"embeddable":true,"href":"https:\/\/goavila.com\/en\/wp-json\/wp\/v2\/comments?post=57780"}],"version-history":[{"count":1,"href":"https:\/\/goavila.com\/en\/wp-json\/wp\/v2\/pages\/57780\/revisions"}],"predecessor-version":[{"id":62043,"href":"https:\/\/goavila.com\/en\/wp-json\/wp\/v2\/pages\/57780\/revisions\/62043"}],"wp:attachment":[{"href":"https:\/\/goavila.com\/en\/wp-json\/wp\/v2\/media?parent=57780"}],"curies":[{"name":"wp","href":"https:\/\/api.w.org\/{rel}","templated":true}]}}