{"id":57794,"date":"2024-07-05T12:09:08","date_gmt":"2024-07-05T17:09:08","guid":{"rendered":"https:\/\/goavila.com\/?page_id=57794"},"modified":"2024-12-17T09:17:14","modified_gmt":"2024-12-17T14:17:14","slug":"plan-g","status":"publish","type":"page","link":"https:\/\/goavila.com\/en\/plan-g\/","title":{"rendered":"Plan G"},"content":{"rendered":"<style>.elementor-57794 .elementor-element.elementor-element-482e4e2{--display:flex;}.elementor-57794 .elementor-element.elementor-element-dd4ca1f{--display:flex;--margin-top:15px;--margin-bottom:0px;--margin-left:0px;--margin-right:0px;}.elementor-57794 .elementor-element.elementor-element-6c383326{--display:flex;--flex-direction:row;--container-widget-width:initial;--container-widget-height:100%;--container-widget-flex-grow:1;--container-widget-align-self:stretch;--flex-wrap-mobile:wrap;border-style:solid;--border-style:solid;border-width:10px 0px 0px 0px;--border-top-width:10px;--border-right-width:0px;--border-bottom-width:0px;--border-left-width:0px;border-color:var( --e-global-color-primary );--border-color:var( --e-global-color-primary );--padding-top:30px;--padding-bottom:30px;--padding-left:20px;--padding-right:20px;}.elementor-57794 .elementor-element.elementor-element-6c383326:not(.elementor-motion-effects-element-type-background), .elementor-57794 .elementor-element.elementor-element-6c383326 > .elementor-motion-effects-container > .elementor-motion-effects-layer{background-color:#FCFCFC;}.elementor-57794 .elementor-element.elementor-element-2aa6117b{--display:flex;}.elementor-57794 .elementor-element.elementor-element-723976ec .elementor-heading-title{font-family:\"Catamaran\", Sans-serif;font-size:38px;font-weight:600;text-transform:capitalize;}.elementor-57794 .elementor-element.elementor-element-579c923b .elementor-heading-title{font-size:20px;font-weight:500;text-transform:capitalize;}.elementor-57794 .elementor-element.elementor-element-245c82e1{--display:flex;}.elementor-57794 .elementor-element.elementor-element-64bca234 .elementor-icon-list-items:not(.elementor-inline-items) .elementor-icon-list-item:not(:last-child){padding-block-end:calc(25px\/2);}.elementor-57794 .elementor-element.elementor-element-64bca234 .elementor-icon-list-items:not(.elementor-inline-items) .elementor-icon-list-item:not(:first-child){margin-block-start:calc(25px\/2);}.elementor-57794 .elementor-element.elementor-element-64bca234 .elementor-icon-list-items.elementor-inline-items .elementor-icon-list-item{margin-inline:calc(25px\/2);}.elementor-57794 .elementor-element.elementor-element-64bca234 .elementor-icon-list-items.elementor-inline-items{margin-inline:calc(-25px\/2);}.elementor-57794 .elementor-element.elementor-element-64bca234 .elementor-icon-list-items.elementor-inline-items .elementor-icon-list-item:after{inset-inline-end:calc(-25px\/2);}.elementor-57794 .elementor-element.elementor-element-64bca234 .elementor-icon-list-item:not(:last-child):after{content:\"\";border-color:#DDDDDD70;}.elementor-57794 .elementor-element.elementor-element-64bca234 .elementor-icon-list-items:not(.elementor-inline-items) .elementor-icon-list-item:not(:last-child):after{border-block-start-style:solid;border-block-start-width:1px;}.elementor-57794 .elementor-element.elementor-element-64bca234 .elementor-icon-list-items.elementor-inline-items .elementor-icon-list-item:not(:last-child):after{border-inline-start-style:solid;}.elementor-57794 .elementor-element.elementor-element-64bca234 .elementor-inline-items .elementor-icon-list-item:not(:last-child):after{border-inline-start-width:1px;}.elementor-57794 .elementor-element.elementor-element-64bca234 .elementor-icon-list-icon i{transition:color 0.3s;}.elementor-57794 .elementor-element.elementor-element-64bca234 .elementor-icon-list-icon svg{transition:fill 0.3s;}.elementor-57794 .elementor-element.elementor-element-64bca234{--e-icon-list-icon-size:35px;--e-icon-list-icon-align:center;--e-icon-list-icon-margin:0 calc(var(--e-icon-list-icon-size, 1em) * 0.125);--icon-vertical-align:center;--icon-vertical-offset:0px;}.elementor-57794 .elementor-element.elementor-element-64bca234 .elementor-icon-list-item > .elementor-icon-list-text, .elementor-57794 .elementor-element.elementor-element-64bca234 .elementor-icon-list-item > a{font-size:18px;font-weight:600;}.elementor-57794 .elementor-element.elementor-element-64bca234 .elementor-icon-list-text{transition:color 0.3s;}.elementor-57794 .elementor-element.elementor-element-ca32651{--display:flex;}@media(max-width:1024px){.elementor-57794 .elementor-element.elementor-element-723976ec .elementor-heading-title{font-size:32px;}.elementor-57794 .elementor-element.elementor-element-579c923b .elementor-heading-title{font-size:18px;}.elementor-57794 .elementor-element.elementor-element-64bca234 .elementor-icon-list-item > .elementor-icon-list-text, .elementor-57794 .elementor-element.elementor-element-64bca234 .elementor-icon-list-item > a{font-size:16px;}}@media(min-width:768px){.elementor-57794 .elementor-element.elementor-element-2aa6117b{--width:30%;}.elementor-57794 .elementor-element.elementor-element-245c82e1{--width:70%;}}@media(max-width:1024px) and (min-width:768px){.elementor-57794 .elementor-element.elementor-element-2aa6117b{--width:43%;}}@media(max-width:767px){.elementor-57794 .elementor-element.elementor-element-6c383326{--padding-top:20px;--padding-bottom:25px;--padding-left:15px;--padding-right:15px;}.elementor-57794 .elementor-element.elementor-element-2aa6117b{--padding-top:0px;--padding-bottom:0px;--padding-left:0px;--padding-right:0px;}.elementor-57794 .elementor-element.elementor-element-723976ec .elementor-heading-title{font-size:30px;}.elementor-57794 .elementor-element.elementor-element-245c82e1{--padding-top:0px;--padding-bottom:0px;--padding-left:0px;--padding-right:0px;}.elementor-57794 .elementor-element.elementor-element-64bca234 .elementor-icon-list-item > .elementor-icon-list-text, .elementor-57794 .elementor-element.elementor-element-64bca234 .elementor-icon-list-item > a{font-size:14px;}}<\/style>\t\t<div data-elementor-type=\"wp-page\" data-elementor-id=\"57794\" class=\"elementor elementor-57794\" data-elementor-post-type=\"page\">\n\t\t\t\t<div class=\"elementor-element elementor-element-482e4e2 e-flex e-con-boxed e-con e-parent\" data-id=\"482e4e2\" data-element_type=\"container\" data-e-type=\"container\">\n\t\t\t\t\t<div class=\"e-con-inner\">\n\t\t\t\t<div class=\"elementor-element elementor-element-805e965 elementor-widget elementor-widget-text-editor\" data-id=\"805e965\" data-element_type=\"widget\" data-e-type=\"widget\" data-widget_type=\"text-editor.default\">\n\t\t\t\t<div class=\"elementor-widget-container\">\n\t\t\t\t\t\t\t\t\t<p>It is generally one of the most cost-effective solutions for Medicare beneficiaries who prefer Medicare supplement coverage. It is also one of the most popular plans of choice, and for good reason. Medicare Supplement Plan G covers everything except the Part B deductible.<\/p>\t\t\t\t\t\t\t\t<\/div>\n\t\t\t\t<\/div>\n\t\t\t\t<div class=\"elementor-element elementor-element-3ddd833 elementor-widget elementor-widget-button\" data-id=\"3ddd833\" data-element_type=\"widget\" data-e-type=\"widget\" data-widget_type=\"button.default\">\n\t\t\t\t<div class=\"elementor-widget-container\">\n\t\t\t\t\t\t\t\t\t<div class=\"elementor-button-wrapper\">\n\t\t\t\t\t<a class=\"elementor-button elementor-button-link elementor-size-sm\" href=\"https:\/\/goavila.com\/en\/contact-us\/\">\n\t\t\t\t\t\t<span class=\"elementor-button-content-wrapper\">\n\t\t\t\t\t\t\t\t\t<span class=\"elementor-button-text\">Request a free quote<\/span>\n\t\t\t\t\t<\/span>\n\t\t\t\t\t<\/a>\n\t\t\t\t<\/div>\n\t\t\t\t\t\t\t\t<\/div>\n\t\t\t\t<\/div>\n\t\t\t\t\t<\/div>\n\t\t\t\t<\/div>\n\t\t<div class=\"elementor-element elementor-element-dd4ca1f e-flex e-con-boxed e-con e-parent\" data-id=\"dd4ca1f\" data-element_type=\"container\" data-e-type=\"container\">\n\t\t\t\t\t<div class=\"e-con-inner\">\n\t\t<div class=\"elementor-element elementor-element-6c383326 e-con-full e-flex e-con e-child\" data-id=\"6c383326\" data-element_type=\"container\" data-e-type=\"container\" data-settings=\"{&quot;background_background&quot;:&quot;classic&quot;}\">\n\t\t<div class=\"elementor-element elementor-element-2aa6117b e-con-full e-flex e-con e-child\" data-id=\"2aa6117b\" data-element_type=\"container\" data-e-type=\"container\">\n\t\t\t\t<div class=\"elementor-element elementor-element-723976ec elementor-widget elementor-widget-heading\" data-id=\"723976ec\" data-element_type=\"widget\" data-e-type=\"widget\" data-widget_type=\"heading.default\">\n\t\t\t\t<div class=\"elementor-widget-container\">\n\t\t\t\t\t<h3 class=\"elementor-heading-title elementor-size-default\">Plan G<\/h3>\t\t\t\t<\/div>\n\t\t\t\t<\/div>\n\t\t\t\t<div class=\"elementor-element elementor-element-579c923b elementor-widget elementor-widget-heading\" data-id=\"579c923b\" data-element_type=\"widget\" data-e-type=\"widget\" data-widget_type=\"heading.default\">\n\t\t\t\t<div class=\"elementor-widget-container\">\n\t\t\t\t\t<h3 class=\"elementor-heading-title elementor-size-default\">Medicare Supplement<\/h3>\t\t\t\t<\/div>\n\t\t\t\t<\/div>\n\t\t\t\t<\/div>\n\t\t<div class=\"elementor-element elementor-element-245c82e1 e-con-full e-flex e-con e-child\" data-id=\"245c82e1\" data-element_type=\"container\" data-e-type=\"container\">\n\t\t\t\t<div class=\"elementor-element elementor-element-64bca234 elementor-align-start elementor-icon-list--layout-traditional elementor-list-item-link-full_width elementor-widget elementor-widget-icon-list\" data-id=\"64bca234\" data-element_type=\"widget\" data-e-type=\"widget\" data-widget_type=\"icon-list.default\">\n\t\t\t\t<div class=\"elementor-widget-container\">\n\t\t\t\t\t\t\t<ul class=\"elementor-icon-list-items\">\n\t\t\t\t\t\t\t<li class=\"elementor-icon-list-item\">\n\t\t\t\t\t\t\t\t\t\t\t<span class=\"elementor-icon-list-icon\">\n\t\t\t\t\t\t\t<svg xmlns=\"http:\/\/www.w3.org\/2000\/svg\" viewbox=\"0 0 448 512\"><path fill=\"#39b54a\" d=\"M438.6 105.4c12.5 12.5 12.5 32.8 0 45.3l-256 256c-12.5 12.5-32.8 12.5-45.3 0l-128-128c-12.5-12.5-12.5-32.8 0-45.3s32.8-12.5 45.3 0L160 338.7 393.4 105.4c12.5-12.5 32.8-12.5 45.3 0z\"><\/path><\/svg>\t\t\t\t\t\t<\/span>\n\t\t\t\t\t\t\t\t\t\t<span class=\"elementor-icon-list-text\">Part A (Hospital) Coinsurance<\/span>\n\t\t\t\t\t\t\t\t\t<\/li>\n\t\t\t\t\t\t\t\t<li class=\"elementor-icon-list-item\">\n\t\t\t\t\t\t\t\t\t\t\t<span class=\"elementor-icon-list-icon\">\n\t\t\t\t\t\t\t<svg xmlns=\"http:\/\/www.w3.org\/2000\/svg\" viewbox=\"0 0 448 512\"><path fill=\"#39b54a\" d=\"M438.6 105.4c12.5 12.5 12.5 32.8 0 45.3l-256 256c-12.5 12.5-32.8 12.5-45.3 0l-128-128c-12.5-12.5-12.5-32.8 0-45.3s32.8-12.5 45.3 0L160 338.7 393.4 105.4c12.5-12.5 32.8-12.5 45.3 0z\"><\/path><\/svg>\t\t\t\t\t\t<\/span>\n\t\t\t\t\t\t\t\t\t\t<span class=\"elementor-icon-list-text\">Part B (Medical) Coinsurance<\/span>\n\t\t\t\t\t\t\t\t\t<\/li>\n\t\t\t\t\t\t\t\t<li class=\"elementor-icon-list-item\">\n\t\t\t\t\t\t\t\t\t\t\t<span class=\"elementor-icon-list-icon\">\n\t\t\t\t\t\t\t<svg xmlns=\"http:\/\/www.w3.org\/2000\/svg\" viewbox=\"0 0 448 512\"><path fill=\"#39b54a\" d=\"M438.6 105.4c12.5 12.5 12.5 32.8 0 45.3l-256 256c-12.5 12.5-32.8 12.5-45.3 0l-128-128c-12.5-12.5-12.5-32.8 0-45.3s32.8-12.5 45.3 0L160 338.7 393.4 105.4c12.5-12.5 32.8-12.5 45.3 0z\"><\/path><\/svg>\t\t\t\t\t\t<\/span>\n\t\t\t\t\t\t\t\t\t\t<span class=\"elementor-icon-list-text\">Part A Hospice Copayment<\/span>\n\t\t\t\t\t\t\t\t\t<\/li>\n\t\t\t\t\t\t\t\t<li class=\"elementor-icon-list-item\">\n\t\t\t\t\t\t\t\t\t\t\t<span class=\"elementor-icon-list-icon\">\n\t\t\t\t\t\t\t<svg xmlns=\"http:\/\/www.w3.org\/2000\/svg\" viewbox=\"0 0 448 512\"><path fill=\"#39b54a\" d=\"M438.6 105.4c12.5 12.5 12.5 32.8 0 45.3l-256 256c-12.5 12.5-32.8 12.5-45.3 0l-128-128c-12.5-12.5-12.5-32.8 0-45.3s32.8-12.5 45.3 0L160 338.7 393.4 105.4c12.5-12.5 32.8-12.5 45.3 0z\"><\/path><\/svg>\t\t\t\t\t\t<\/span>\n\t\t\t\t\t\t\t\t\t\t<span class=\"elementor-icon-list-text\">First 3 pints of blood<\/span>\n\t\t\t\t\t\t\t\t\t<\/li>\n\t\t\t\t\t\t\t\t<li class=\"elementor-icon-list-item\">\n\t\t\t\t\t\t\t\t\t\t\t<span class=\"elementor-icon-list-icon\">\n\t\t\t\t\t\t\t<svg xmlns=\"http:\/\/www.w3.org\/2000\/svg\" viewbox=\"0 0 448 512\"><path fill=\"#39b54a\" d=\"M438.6 105.4c12.5 12.5 12.5 32.8 0 45.3l-256 256c-12.5 12.5-32.8 12.5-45.3 0l-128-128c-12.5-12.5-12.5-32.8 0-45.3s32.8-12.5 45.3 0L160 338.7 393.4 105.4c12.5-12.5 32.8-12.5 45.3 0z\"><\/path><\/svg>\t\t\t\t\t\t<\/span>\n\t\t\t\t\t\t\t\t\t\t<span class=\"elementor-icon-list-text\">Skilled Nursing Copayment<\/span>\n\t\t\t\t\t\t\t\t\t<\/li>\n\t\t\t\t\t\t\t\t<li class=\"elementor-icon-list-item\">\n\t\t\t\t\t\t\t\t\t\t\t<span class=\"elementor-icon-list-icon\">\n\t\t\t\t\t\t\t<svg xmlns=\"http:\/\/www.w3.org\/2000\/svg\" viewbox=\"0 0 448 512\"><path fill=\"#39b54a\" d=\"M438.6 105.4c12.5 12.5 12.5 32.8 0 45.3l-256 256c-12.5 12.5-32.8 12.5-45.3 0l-128-128c-12.5-12.5-12.5-32.8 0-45.3s32.8-12.5 45.3 0L160 338.7 393.4 105.4c12.5-12.5 32.8-12.5 45.3 0z\"><\/path><\/svg>\t\t\t\t\t\t<\/span>\n\t\t\t\t\t\t\t\t\t\t<span class=\"elementor-icon-list-text\">Part A Deductible<\/span>\n\t\t\t\t\t\t\t\t\t<\/li>\n\t\t\t\t\t\t\t\t<li class=\"elementor-icon-list-item\">\n\t\t\t\t\t\t\t\t\t\t\t<span class=\"elementor-icon-list-icon\">\n\t\t\t\t\t\t\t<svg xmlns=\"http:\/\/www.w3.org\/2000\/svg\" viewbox=\"0 0 384 512\"><path fill=\"#ff0040\" d=\"M342.6 150.6c12.5-12.5 12.5-32.8 0-45.3s-32.8-12.5-45.3 0L192 210.7 86.6 105.4c-12.5-12.5-32.8-12.5-45.3 0s-12.5 32.8 0 45.3L146.7 256 41.4 361.4c-12.5 12.5-12.5 32.8 0 45.3s32.8 12.5 45.3 0L192 301.3 297.4 406.6c12.5 12.5 32.8 12.5 45.3 0s12.5-32.8 0-45.3L237.3 256 342.6 150.6z\"><\/path><\/svg>\t\t\t\t\t\t<\/span>\n\t\t\t\t\t\t\t\t\t\t<span class=\"elementor-icon-list-text\">Part B Deductible<\/span>\n\t\t\t\t\t\t\t\t\t<\/li>\n\t\t\t\t\t\t\t\t<li class=\"elementor-icon-list-item\">\n\t\t\t\t\t\t\t\t\t\t\t<span class=\"elementor-icon-list-icon\">\n\t\t\t\t\t\t\t<svg xmlns=\"http:\/\/www.w3.org\/2000\/svg\" viewbox=\"0 0 448 512\"><path fill=\"#39b54a\" d=\"M438.6 105.4c12.5 12.5 12.5 32.8 0 45.3l-256 256c-12.5 12.5-32.8 12.5-45.3 0l-128-128c-12.5-12.5-12.5-32.8 0-45.3s32.8-12.5 45.3 0L160 338.7 393.4 105.4c12.5-12.5 32.8-12.5 45.3 0z\"><\/path><\/svg>\t\t\t\t\t\t<\/span>\n\t\t\t\t\t\t\t\t\t\t<span class=\"elementor-icon-list-text\">Part B Excess Charges<\/span>\n\t\t\t\t\t\t\t\t\t<\/li>\n\t\t\t\t\t\t\t\t<li class=\"elementor-icon-list-item\">\n\t\t\t\t\t\t\t\t\t\t\t<span class=\"elementor-icon-list-icon\">\n\t\t\t\t\t\t\t<svg xmlns=\"http:\/\/www.w3.org\/2000\/svg\" viewbox=\"0 0 448 512\"><path fill=\"#39b54a\" d=\"M438.6 105.4c12.5 12.5 12.5 32.8 0 45.3l-256 256c-12.5 12.5-32.8 12.5-45.3 0l-128-128c-12.5-12.5-12.5-32.8 0-45.3s32.8-12.5 45.3 0L160 338.7 393.4 105.4c12.5-12.5 32.8-12.5 45.3 0z\"><\/path><\/svg>\t\t\t\t\t\t<\/span>\n\t\t\t\t\t\t\t\t\t\t<span class=\"elementor-icon-list-text\">Emergency Foreign Travel<\/span>\n\t\t\t\t\t\t\t\t\t<\/li>\n\t\t\t\t\t\t<\/ul>\n\t\t\t\t\t\t<\/div>\n\t\t\t\t<\/div>\n\t\t\t\t<\/div>\n\t\t\t\t<\/div>\n\t\t\t\t\t<\/div>\n\t\t\t\t<\/div>\n\t\t<div class=\"elementor-element elementor-element-ca32651 e-flex e-con-boxed e-con e-parent\" data-id=\"ca32651\" data-element_type=\"container\" data-e-type=\"container\">\n\t\t\t\t\t<div class=\"e-con-inner\">\n\t\t\t\t<div class=\"elementor-element elementor-element-f8bfe5b elementor-widget elementor-widget-text-editor\" data-id=\"f8bfe5b\" data-element_type=\"widget\" data-e-type=\"widget\" data-widget_type=\"text-editor.default\">\n\t\t\t\t<div class=\"elementor-widget-container\">\n\t\t\t\t\t\t\t\t\t<p>As you can see from the chart above, Medicare Supplement Plan G will provide you with cost-effective coverage for the following expenses:<\/p><ul><li>Medicare Part A coinsurance for inpatient hospital stays, including an additional 365 days after your Medicare benefits are exhausted.<\/li><li>Medicare Part B coinsurance for physician and outpatient physician services.<\/li><li>Medicare Part A copayment for hospice services.<br \/>The first three pints of blood required for any medical procedure.<\/li><li>Medicare copayment for skilled nursing facility stays.<\/li><li>Part A Deductible<\/li><li>Part B excess charges<\/li><li>80% for foreign travel emergencies up to a lifetime benefit of $50,000<\/li><\/ul>\t\t\t\t\t\t\t\t<\/div>\n\t\t\t\t<\/div>\n\t\t\t\t\t<\/div>\n\t\t\t\t<\/div>\n\t\t\t\t<\/div>","protected":false},"excerpt":{"rendered":"<p>Es generalmente una de las soluciones m\u00e1s rentables para los beneficiarios de Medicare que prefieren la cobertura complementaria de Medicare. Tambi\u00e9n es uno de los planes de elecci\u00f3n m\u00e1s populares y por una buena raz\u00f3n. El plan complementario de Medicare G cubre todo excepto el deducible de la Parte B. Solicitar una cotizaci\u00f3n gratis Plan [&hellip;]<\/p>\n","protected":false},"author":3,"featured_media":0,"parent":0,"menu_order":0,"comment_status":"closed","ping_status":"closed","template":"","meta":{"om_disable_all_campaigns":false,"footnotes":""},"class_list":["post-57794","page","type-page","status-publish","hentry"],"aioseo_notices":[],"rttpg_featured_image_url":null,"rttpg_author":{"display_name":"AvilaMedicare","author_link":"https:\/\/goavila.com\/en\/author\/avilamedicare\/"},"rttpg_comment":0,"rttpg_category":null,"rttpg_excerpt":"Es generalmente una de las soluciones m\u00e1s rentables para los beneficiarios de Medicare que prefieren la cobertura complementaria de Medicare. Tambi\u00e9n es uno de los planes de elecci\u00f3n m\u00e1s populares y por una buena raz\u00f3n. El plan complementario de Medicare G cubre todo excepto el deducible de la Parte B. Solicitar una cotizaci\u00f3n gratis Plan&hellip;","_links":{"self":[{"href":"https:\/\/goavila.com\/en\/wp-json\/wp\/v2\/pages\/57794","targetHints":{"allow":["GET"]}}],"collection":[{"href":"https:\/\/goavila.com\/en\/wp-json\/wp\/v2\/pages"}],"about":[{"href":"https:\/\/goavila.com\/en\/wp-json\/wp\/v2\/types\/page"}],"author":[{"embeddable":true,"href":"https:\/\/goavila.com\/en\/wp-json\/wp\/v2\/users\/3"}],"replies":[{"embeddable":true,"href":"https:\/\/goavila.com\/en\/wp-json\/wp\/v2\/comments?post=57794"}],"version-history":[{"count":1,"href":"https:\/\/goavila.com\/en\/wp-json\/wp\/v2\/pages\/57794\/revisions"}],"predecessor-version":[{"id":62048,"href":"https:\/\/goavila.com\/en\/wp-json\/wp\/v2\/pages\/57794\/revisions\/62048"}],"wp:attachment":[{"href":"https:\/\/goavila.com\/en\/wp-json\/wp\/v2\/media?parent=57794"}],"curies":[{"name":"wp","href":"https:\/\/api.w.org\/{rel}","templated":true}]}}