{"id":57831,"date":"2024-07-05T12:18:38","date_gmt":"2024-07-05T17:18:38","guid":{"rendered":"https:\/\/goavila.com\/?page_id=57831"},"modified":"2024-07-24T11:51:49","modified_gmt":"2024-07-24T16:51:49","slug":"feria-comunitaria-de-salud-y-medicare","status":"publish","type":"page","link":"https:\/\/goavila.com\/en\/feria-comunitaria-de-salud-y-medicare\/","title":{"rendered":"Feria Comunitaria de Salud y Medicare"},"content":{"rendered":"<style>.elementor-57831 .elementor-element.elementor-element-fed292c{--display:flex;}.elementor-57831 .elementor-element.elementor-element-8abb4c3{--display:flex;}.elementor-57831 .elementor-element.elementor-element-f25b316{--spacer-size:20px;}.elementor-57831 .elementor-element.elementor-element-24f5a39{--display:flex;--flex-direction:row;--container-widget-width:initial;--container-widget-height:100%;--container-widget-flex-grow:1;--container-widget-align-self:stretch;--flex-wrap-mobile:wrap;--gap:0px 0px;--row-gap:0px;--column-gap:0px;}.elementor-57831 .elementor-element.elementor-element-380bda9{--display:flex;--flex-direction:column;--container-widget-width:100%;--container-widget-height:initial;--container-widget-flex-grow:0;--container-widget-align-self:initial;--flex-wrap-mobile:wrap;}.elementor-57831 .elementor-element.elementor-element-8f60012{--display:flex;--flex-direction:column;--container-widget-width:100%;--container-widget-height:initial;--container-widget-flex-grow:0;--container-widget-align-self:initial;--flex-wrap-mobile:wrap;}@media(min-width:768px){.elementor-57831 .elementor-element.elementor-element-380bda9{--width:50%;}.elementor-57831 .elementor-element.elementor-element-8f60012{--width:50%;}}<\/style>\t\t<div data-elementor-type=\"wp-page\" data-elementor-id=\"57831\" class=\"elementor elementor-57831\" data-elementor-post-type=\"page\">\n\t\t\t\t<div class=\"elementor-element elementor-element-fed292c e-flex e-con-boxed e-con e-parent\" data-id=\"fed292c\" data-element_type=\"container\" data-e-type=\"container\">\n\t\t\t\t\t<div class=\"e-con-inner\">\n\t\t\t\t<div class=\"elementor-element elementor-element-bf625bc elementor-widget elementor-widget-image\" data-id=\"bf625bc\" data-element_type=\"widget\" data-e-type=\"widget\" data-widget_type=\"image.default\">\n\t\t\t\t<div class=\"elementor-widget-container\">\n\t\t\t\t\t\t\t\t\t\t\t\t\t\t\t<img fetchpriority=\"high\" decoding=\"async\" width=\"1280\" height=\"1920\" src=\"https:\/\/goavila.com\/wp-content\/uploads\/2024\/07\/Feria-Banner-1_11zon.webp\" class=\"attachment-full size-full wp-image-58216\" alt=\"\" srcset=\"https:\/\/goavila.com\/wp-content\/uploads\/2024\/07\/Feria-Banner-1_11zon.webp 1280w, https:\/\/goavila.com\/wp-content\/uploads\/2024\/07\/Feria-Banner-1_11zon-200x300.webp 200w, https:\/\/goavila.com\/wp-content\/uploads\/2024\/07\/Feria-Banner-1_11zon-683x1024.webp 683w, https:\/\/goavila.com\/wp-content\/uploads\/2024\/07\/Feria-Banner-1_11zon-768x1152.webp 768w, https:\/\/goavila.com\/wp-content\/uploads\/2024\/07\/Feria-Banner-1_11zon-1024x1536.webp 1024w\" sizes=\"(max-width: 1280px) 100vw, 1280px\" \/>\t\t\t\t\t\t\t\t\t\t\t\t\t\t\t<\/div>\n\t\t\t\t<\/div>\n\t\t\t\t\t<\/div>\n\t\t\t\t<\/div>\n\t\t<div class=\"elementor-element elementor-element-8abb4c3 e-flex e-con-boxed e-con e-parent\" data-id=\"8abb4c3\" data-element_type=\"container\" data-e-type=\"container\">\n\t\t\t\t\t<div class=\"e-con-inner\">\n\t\t\t\t<div class=\"elementor-element elementor-element-f25b316 elementor-widget elementor-widget-spacer\" data-id=\"f25b316\" data-element_type=\"widget\" data-e-type=\"widget\" data-widget_type=\"spacer.default\">\n\t\t\t\t<div class=\"elementor-widget-container\">\n\t\t\t\t\t\t\t<div class=\"elementor-spacer\">\n\t\t\t<div class=\"elementor-spacer-inner\"><\/div>\n\t\t<\/div>\n\t\t\t\t\t\t<\/div>\n\t\t\t\t<\/div>\n\t\t\t\t<div class=\"elementor-element elementor-element-5a71bef elementor-widget elementor-widget-heading\" data-id=\"5a71bef\" data-element_type=\"widget\" data-e-type=\"widget\" data-widget_type=\"heading.default\">\n\t\t\t\t<div class=\"elementor-widget-container\">\n\t\t\t\t\t<h2 class=\"elementor-heading-title elementor-size-default\">\u00bfC\u00f3mo Llegar?\n<\/h2>\t\t\t\t<\/div>\n\t\t\t\t<\/div>\n\t\t\t\t<div class=\"elementor-element elementor-element-542b36f elementor-widget elementor-widget-html\" data-id=\"542b36f\" data-element_type=\"widget\" data-e-type=\"widget\" data-widget_type=\"html.default\">\n\t\t\t\t<div class=\"elementor-widget-container\">\n\t\t\t\t\t<iframe style=\"border: 0;\" src=\"https:\/\/www.google.com\/maps\/embed?pb=!1m18!1m12!1m3!1d3437.309371606605!2d-97.70108221235282!3d30.512289931009526!2m3!1f0!2f0!3f0!3m2!1i1024!2i768!4f13.1!3m3!1m2!1s0x8644d18a39d8f601%3A0x5f1455b9deb92f69!2s1318%20Round%20Rock%20Ave%2C%20Round%20Rock%2C%20TX%2078681%2C%20EE.%20UU.!5e0!3m2!1ses!2sco!4v1713565341954!5m2!1ses!2sco\" width=\"100%\" height=\"450\" allowfullscreen=\"allowfullscreen\"><\/iframe>\t\t\t\t<\/div>\n\t\t\t\t<\/div>\n\t\t\t\t\t<\/div>\n\t\t\t\t<\/div>\n\t\t<div class=\"elementor-element elementor-element-24f5a39 e-flex e-con-boxed e-con e-parent\" data-id=\"24f5a39\" data-element_type=\"container\" data-e-type=\"container\">\n\t\t\t\t\t<div class=\"e-con-inner\">\n\t\t<div class=\"elementor-element elementor-element-380bda9 e-con-full e-flex e-con e-child\" data-id=\"380bda9\" data-element_type=\"container\" data-e-type=\"container\">\n\t\t\t\t<div class=\"elementor-element elementor-element-37d7356 elementor-widget elementor-widget-text-editor\" data-id=\"37d7356\" data-element_type=\"widget\" data-e-type=\"widget\" data-widget_type=\"text-editor.default\">\n\t\t\t\t<div class=\"elementor-widget-container\">\n\t\t\t\t\t\t\t\t\t<p>Para obtener m\u00e1s informaci\u00f3n sobre este evento, comun\u00edquese al 512.520.5957.<\/p>\t\t\t\t\t\t\t\t<\/div>\n\t\t\t\t<\/div>\n\t\t\t\t<\/div>\n\t\t<div class=\"elementor-element elementor-element-8f60012 e-con-full e-flex e-con e-child\" data-id=\"8f60012\" data-element_type=\"container\" data-e-type=\"container\">\n\t\t\t\t<div class=\"elementor-element elementor-element-33b7fd6 elementor-widget elementor-widget-text-editor\" data-id=\"33b7fd6\" data-element_type=\"widget\" data-e-type=\"widget\" data-widget_type=\"text-editor.default\">\n\t\t\t\t<div class=\"elementor-widget-container\">\n\t\t\t\t\t\t\t\t\t<p>Compartir El Evento<\/p>\t\t\t\t\t\t\t\t<\/div>\n\t\t\t\t<\/div>\n\t\t\t\t<\/div>\n\t\t\t\t\t<\/div>\n\t\t\t\t<\/div>\n\t\t\t\t<\/div>","protected":false},"excerpt":{"rendered":"<p>\u00bfC\u00f3mo Llegar? Para obtener m\u00e1s informaci\u00f3n sobre este evento, comun\u00edquese al 512.520.5957. Compartir El Evento<\/p>","protected":false},"author":3,"featured_media":0,"parent":0,"menu_order":0,"comment_status":"closed","ping_status":"closed","template":"","meta":{"om_disable_all_campaigns":false,"footnotes":""},"class_list":["post-57831","page","type-page","status-publish","hentry"],"aioseo_notices":[],"rttpg_featured_image_url":null,"rttpg_author":{"display_name":"AvilaMedicare","author_link":"https:\/\/goavila.com\/en\/author\/avilamedicare\/"},"rttpg_comment":0,"rttpg_category":null,"rttpg_excerpt":"\u00bfC\u00f3mo Llegar? Para obtener m\u00e1s informaci\u00f3n sobre este evento, comun\u00edquese al 512.520.5957. Compartir El Evento","_links":{"self":[{"href":"https:\/\/goavila.com\/en\/wp-json\/wp\/v2\/pages\/57831","targetHints":{"allow":["GET"]}}],"collection":[{"href":"https:\/\/goavila.com\/en\/wp-json\/wp\/v2\/pages"}],"about":[{"href":"https:\/\/goavila.com\/en\/wp-json\/wp\/v2\/types\/page"}],"author":[{"embeddable":true,"href":"https:\/\/goavila.com\/en\/wp-json\/wp\/v2\/users\/3"}],"replies":[{"embeddable":true,"href":"https:\/\/goavila.com\/en\/wp-json\/wp\/v2\/comments?post=57831"}],"version-history":[{"count":0,"href":"https:\/\/goavila.com\/en\/wp-json\/wp\/v2\/pages\/57831\/revisions"}],"wp:attachment":[{"href":"https:\/\/goavila.com\/en\/wp-json\/wp\/v2\/media?parent=57831"}],"curies":[{"name":"wp","href":"https:\/\/api.w.org\/{rel}","templated":true}]}}