{"id":58173,"date":"2024-07-07T19:52:31","date_gmt":"2024-07-08T00:52:31","guid":{"rendered":"https:\/\/goavila.com\/?page_id=58173"},"modified":"2024-12-17T09:20:26","modified_gmt":"2024-12-17T14:20:26","slug":"beneficios-adicionales","status":"publish","type":"page","link":"https:\/\/goavila.com\/en\/beneficios-adicionales\/","title":{"rendered":"Additional Benefits"},"content":{"rendered":"<style>.elementor-58173 .elementor-element.elementor-element-a2e62ce{--display:flex;--flex-direction:row;--container-widget-width:initial;--container-widget-height:100%;--container-widget-flex-grow:1;--container-widget-align-self:stretch;--flex-wrap-mobile:wrap;}.elementor-58173 .elementor-element.elementor-element-0486504{--display:flex;--justify-content:center;--overlay-opacity:0.69;--padding-top:80px;--padding-bottom:80px;--padding-left:15px;--padding-right:15px;}.elementor-58173 .elementor-element.elementor-element-0486504:not(.elementor-motion-effects-element-type-background), .elementor-58173 .elementor-element.elementor-element-0486504 > .elementor-motion-effects-container > .elementor-motion-effects-layer{background-image:url(\"https:\/\/goavila.com\/wp-content\/uploads\/2024\/07\/Hospital-Compensation-1_11zon.webp\");background-repeat:no-repeat;background-size:cover;}.elementor-58173 .elementor-element.elementor-element-0486504::before, .elementor-58173 .elementor-element.elementor-element-0486504 > .elementor-background-video-container::before, .elementor-58173 .elementor-element.elementor-element-0486504 > .e-con-inner > .elementor-background-video-container::before, .elementor-58173 .elementor-element.elementor-element-0486504 > .elementor-background-slideshow::before, .elementor-58173 .elementor-element.elementor-element-0486504 > .e-con-inner > .elementor-background-slideshow::before, .elementor-58173 .elementor-element.elementor-element-0486504 > .elementor-motion-effects-container > .elementor-motion-effects-layer::before{--background-overlay:'';background-color:var( --e-global-color-primary );}.elementor-58173 .elementor-element.elementor-element-964b34d{text-align:center;}.elementor-58173 .elementor-element.elementor-element-964b34d .elementor-heading-title{color:var( --e-global-color-37ba017 );}.elementor-58173 .elementor-element.elementor-element-2e8213e{--display:flex;--justify-content:center;--overlay-opacity:0.69;--padding-top:80px;--padding-bottom:80px;--padding-left:15px;--padding-right:15px;}.elementor-58173 .elementor-element.elementor-element-2e8213e:not(.elementor-motion-effects-element-type-background), .elementor-58173 .elementor-element.elementor-element-2e8213e > .elementor-motion-effects-container > .elementor-motion-effects-layer{background-image:url(\"https:\/\/goavila.com\/wp-content\/uploads\/2024\/07\/critical-illness.webp\");background-repeat:no-repeat;background-size:cover;}.elementor-58173 .elementor-element.elementor-element-2e8213e::before, .elementor-58173 .elementor-element.elementor-element-2e8213e > .elementor-background-video-container::before, .elementor-58173 .elementor-element.elementor-element-2e8213e > .e-con-inner > .elementor-background-video-container::before, .elementor-58173 .elementor-element.elementor-element-2e8213e > .elementor-background-slideshow::before, .elementor-58173 .elementor-element.elementor-element-2e8213e > .e-con-inner > .elementor-background-slideshow::before, .elementor-58173 .elementor-element.elementor-element-2e8213e > .elementor-motion-effects-container > .elementor-motion-effects-layer::before{--background-overlay:'';background-color:var( --e-global-color-primary );}.elementor-58173 .elementor-element.elementor-element-53875a2{text-align:center;}.elementor-58173 .elementor-element.elementor-element-53875a2 .elementor-heading-title{color:var( --e-global-color-37ba017 );}.elementor-58173 .elementor-element.elementor-element-b081421{--display:flex;--justify-content:center;--overlay-opacity:0.69;--padding-top:80px;--padding-bottom:80px;--padding-left:15px;--padding-right:15px;}.elementor-58173 .elementor-element.elementor-element-b081421:not(.elementor-motion-effects-element-type-background), .elementor-58173 .elementor-element.elementor-element-b081421 > .elementor-motion-effects-container > .elementor-motion-effects-layer{background-image:url(\"https:\/\/goavila.com\/wp-content\/uploads\/2024\/07\/Visual-Dental-Auditivo-Seguros_11zon.webp\");background-repeat:no-repeat;background-size:cover;}.elementor-58173 .elementor-element.elementor-element-b081421::before, .elementor-58173 .elementor-element.elementor-element-b081421 > .elementor-background-video-container::before, .elementor-58173 .elementor-element.elementor-element-b081421 > .e-con-inner > .elementor-background-video-container::before, .elementor-58173 .elementor-element.elementor-element-b081421 > .elementor-background-slideshow::before, .elementor-58173 .elementor-element.elementor-element-b081421 > .e-con-inner > .elementor-background-slideshow::before, .elementor-58173 .elementor-element.elementor-element-b081421 > .elementor-motion-effects-container > .elementor-motion-effects-layer::before{--background-overlay:'';background-color:var( --e-global-color-primary );}.elementor-58173 .elementor-element.elementor-element-742d445{text-align:center;}.elementor-58173 .elementor-element.elementor-element-742d445 .elementor-heading-title{color:var( --e-global-color-37ba017 );}.elementor-58173 .elementor-element.elementor-element-5f441af{--display:flex;--flex-direction:row;--container-widget-width:initial;--container-widget-height:100%;--container-widget-flex-grow:1;--container-widget-align-self:stretch;--flex-wrap-mobile:wrap;}.elementor-58173 .elementor-element.elementor-element-e9b5ab3{--display:flex;--justify-content:center;--overlay-opacity:0.69;--padding-top:80px;--padding-bottom:80px;--padding-left:15px;--padding-right:15px;}.elementor-58173 .elementor-element.elementor-element-e9b5ab3:not(.elementor-motion-effects-element-type-background), .elementor-58173 .elementor-element.elementor-element-e9b5ab3 > .elementor-motion-effects-container > .elementor-motion-effects-layer{background-image:url(\"https:\/\/goavila.com\/wp-content\/uploads\/2024\/07\/Home-Solutions_AdobeStock_263594491_1x1_11zon.webp\");background-repeat:no-repeat;background-size:cover;}.elementor-58173 .elementor-element.elementor-element-e9b5ab3::before, .elementor-58173 .elementor-element.elementor-element-e9b5ab3 > .elementor-background-video-container::before, .elementor-58173 .elementor-element.elementor-element-e9b5ab3 > .e-con-inner > .elementor-background-video-container::before, .elementor-58173 .elementor-element.elementor-element-e9b5ab3 > .elementor-background-slideshow::before, .elementor-58173 .elementor-element.elementor-element-e9b5ab3 > .e-con-inner > .elementor-background-slideshow::before, .elementor-58173 .elementor-element.elementor-element-e9b5ab3 > .elementor-motion-effects-container > .elementor-motion-effects-layer::before{--background-overlay:'';background-color:var( --e-global-color-primary );}.elementor-58173 .elementor-element.elementor-element-256bdd2{text-align:center;}.elementor-58173 .elementor-element.elementor-element-256bdd2 .elementor-heading-title{color:var( --e-global-color-37ba017 );}.elementor-58173 .elementor-element.elementor-element-930356b{--display:flex;--justify-content:center;--overlay-opacity:0.69;--padding-top:80px;--padding-bottom:80px;--padding-left:15px;--padding-right:15px;}.elementor-58173 .elementor-element.elementor-element-930356b:not(.elementor-motion-effects-element-type-background), .elementor-58173 .elementor-element.elementor-element-930356b > .elementor-motion-effects-container > .elementor-motion-effects-layer{background-image:url(\"https:\/\/goavila.com\/wp-content\/uploads\/2024\/07\/beneficios-de-un-seguro-exequial-en-medellin_11zon.webp\");background-repeat:no-repeat;background-size:cover;}.elementor-58173 .elementor-element.elementor-element-930356b::before, .elementor-58173 .elementor-element.elementor-element-930356b > .elementor-background-video-container::before, .elementor-58173 .elementor-element.elementor-element-930356b > .e-con-inner > .elementor-background-video-container::before, .elementor-58173 .elementor-element.elementor-element-930356b > .elementor-background-slideshow::before, .elementor-58173 .elementor-element.elementor-element-930356b > .e-con-inner > .elementor-background-slideshow::before, .elementor-58173 .elementor-element.elementor-element-930356b > .elementor-motion-effects-container > .elementor-motion-effects-layer::before{--background-overlay:'';background-color:var( --e-global-color-primary );}.elementor-58173 .elementor-element.elementor-element-2dee693{text-align:center;}.elementor-58173 .elementor-element.elementor-element-2dee693 .elementor-heading-title{color:var( --e-global-color-37ba017 );}.elementor-58173 .elementor-element.elementor-element-4128eff{--display:flex;--justify-content:center;--padding-top:80px;--padding-bottom:80px;--padding-left:15px;--padding-right:15px;}.elementor-58173 .elementor-element.elementor-element-60ed413{--spacer-size:50px;}<\/style>\t\t<div data-elementor-type=\"wp-page\" data-elementor-id=\"58173\" class=\"elementor elementor-58173\" data-elementor-post-type=\"page\">\n\t\t\t\t<div class=\"elementor-element elementor-element-a2e62ce e-flex e-con-boxed e-con e-parent\" data-id=\"a2e62ce\" data-element_type=\"container\" data-e-type=\"container\">\n\t\t\t\t\t<div class=\"e-con-inner\">\n\t\t<a class=\"elementor-element elementor-element-0486504 e-con-full e-flex e-con e-child\" data-id=\"0486504\" data-element_type=\"container\" data-e-type=\"container\" data-settings=\"{&quot;background_background&quot;:&quot;classic&quot;}\" href=\"https:\/\/goavila.com\/en\/beneficios-adicionales\/indemnizacion-hospitalaria\/\">\n\t\t\t\t<div class=\"elementor-element elementor-element-964b34d elementor-widget elementor-widget-heading\" data-id=\"964b34d\" data-element_type=\"widget\" data-e-type=\"widget\" data-widget_type=\"heading.default\">\n\t\t\t\t<div class=\"elementor-widget-container\">\n\t\t\t\t\t<h2 class=\"elementor-heading-title elementor-size-default\">Hospital Indemnity<\/h2>\t\t\t\t<\/div>\n\t\t\t\t<\/div>\n\t\t\t\t<\/a>\n\t\t<a class=\"elementor-element elementor-element-2e8213e e-con-full e-flex e-con e-child\" data-id=\"2e8213e\" data-element_type=\"container\" data-e-type=\"container\" data-settings=\"{&quot;background_background&quot;:&quot;classic&quot;}\" href=\"https:\/\/goavila.com\/en\/beneficios-adicionales\/enfermedad-critica\/\">\n\t\t\t\t<div class=\"elementor-element elementor-element-53875a2 elementor-widget elementor-widget-heading\" data-id=\"53875a2\" data-element_type=\"widget\" data-e-type=\"widget\" data-widget_type=\"heading.default\">\n\t\t\t\t<div class=\"elementor-widget-container\">\n\t\t\t\t\t<h2 class=\"elementor-heading-title elementor-size-default\">Critical Illness<\/h2>\t\t\t\t<\/div>\n\t\t\t\t<\/div>\n\t\t\t\t<\/a>\n\t\t<a class=\"elementor-element elementor-element-b081421 e-con-full e-flex e-con e-child\" data-id=\"b081421\" data-element_type=\"container\" data-e-type=\"container\" data-settings=\"{&quot;background_background&quot;:&quot;classic&quot;}\" href=\"https:\/\/goavila.com\/en\/beneficios-adicionales\/odontologia-vision-audicion\/\">\n\t\t\t\t<div class=\"elementor-element elementor-element-742d445 elementor-widget elementor-widget-heading\" data-id=\"742d445\" data-element_type=\"widget\" data-e-type=\"widget\" data-widget_type=\"heading.default\">\n\t\t\t\t<div class=\"elementor-widget-container\">\n\t\t\t\t\t<h2 class=\"elementor-heading-title elementor-size-default\">\nDentistry Vision Hearing<\/h2>\t\t\t\t<\/div>\n\t\t\t\t<\/div>\n\t\t\t\t<\/a>\n\t\t\t\t\t<\/div>\n\t\t\t\t<\/div>\n\t\t<div class=\"elementor-element elementor-element-5f441af e-flex e-con-boxed e-con e-parent\" data-id=\"5f441af\" data-element_type=\"container\" data-e-type=\"container\">\n\t\t\t\t\t<div class=\"e-con-inner\">\n\t\t<a class=\"elementor-element elementor-element-e9b5ab3 e-con-full e-flex e-con e-child\" data-id=\"e9b5ab3\" data-element_type=\"container\" data-e-type=\"container\" data-settings=\"{&quot;background_background&quot;:&quot;classic&quot;}\" href=\"https:\/\/goavila.com\/en\/beneficios-adicionales\/cuidado-de-la-salud-en-el-hogar\/\">\n\t\t\t\t<div class=\"elementor-element elementor-element-256bdd2 elementor-widget elementor-widget-heading\" data-id=\"256bdd2\" data-element_type=\"widget\" data-e-type=\"widget\" data-widget_type=\"heading.default\">\n\t\t\t\t<div class=\"elementor-widget-container\">\n\t\t\t\t\t<h2 class=\"elementor-heading-title elementor-size-default\">Home Health Care<\/h2>\t\t\t\t<\/div>\n\t\t\t\t<\/div>\n\t\t\t\t<\/a>\n\t\t<a class=\"elementor-element elementor-element-930356b e-con-full e-flex e-con e-child\" data-id=\"930356b\" data-element_type=\"container\" data-e-type=\"container\" data-settings=\"{&quot;background_background&quot;:&quot;classic&quot;}\" href=\"https:\/\/goavila.com\/en\/beneficios-adicionales\/seguro-funerario\/\">\n\t\t\t\t<div class=\"elementor-element elementor-element-2dee693 elementor-widget elementor-widget-heading\" data-id=\"2dee693\" data-element_type=\"widget\" data-e-type=\"widget\" data-widget_type=\"heading.default\">\n\t\t\t\t<div class=\"elementor-widget-container\">\n\t\t\t\t\t<h2 class=\"elementor-heading-title elementor-size-default\">Funeral Insurance<\/h2>\t\t\t\t<\/div>\n\t\t\t\t<\/div>\n\t\t\t\t<\/a>\n\t\t<div class=\"elementor-element elementor-element-4128eff e-con-full elementor-hidden-mobile e-flex e-con e-child\" data-id=\"4128eff\" data-element_type=\"container\" data-e-type=\"container\" data-settings=\"{&quot;background_background&quot;:&quot;classic&quot;}\">\n\t\t\t\t<div class=\"elementor-element elementor-element-60ed413 elementor-widget elementor-widget-spacer\" data-id=\"60ed413\" data-element_type=\"widget\" data-e-type=\"widget\" data-widget_type=\"spacer.default\">\n\t\t\t\t<div class=\"elementor-widget-container\">\n\t\t\t\t\t\t\t<div class=\"elementor-spacer\">\n\t\t\t<div class=\"elementor-spacer-inner\"><\/div>\n\t\t<\/div>\n\t\t\t\t\t\t<\/div>\n\t\t\t\t<\/div>\n\t\t\t\t<\/div>\n\t\t\t\t\t<\/div>\n\t\t\t\t<\/div>\n\t\t\t\t<\/div>","protected":false},"excerpt":{"rendered":"<p>Indemnizaci\u00f3n Hospitalaria Enfermedad Cr\u00edtica Odontolog\u00eda Visi\u00f3n Audici\u00f3n Cuidado de la Salud en el Hogar Seguro Funerario<\/p>","protected":false},"author":3,"featured_media":0,"parent":0,"menu_order":0,"comment_status":"closed","ping_status":"closed","template":"","meta":{"om_disable_all_campaigns":false,"footnotes":""},"class_list":["post-58173","page","type-page","status-publish","hentry"],"aioseo_notices":[],"rttpg_featured_image_url":null,"rttpg_author":{"display_name":"AvilaMedicare","author_link":"https:\/\/goavila.com\/en\/author\/avilamedicare\/"},"rttpg_comment":0,"rttpg_category":null,"rttpg_excerpt":"Indemnizaci\u00f3n Hospitalaria Enfermedad Cr\u00edtica Odontolog\u00eda Visi\u00f3n Audici\u00f3n Cuidado de la Salud en el Hogar Seguro Funerario","_links":{"self":[{"href":"https:\/\/goavila.com\/en\/wp-json\/wp\/v2\/pages\/58173","targetHints":{"allow":["GET"]}}],"collection":[{"href":"https:\/\/goavila.com\/en\/wp-json\/wp\/v2\/pages"}],"about":[{"href":"https:\/\/goavila.com\/en\/wp-json\/wp\/v2\/types\/page"}],"author":[{"embeddable":true,"href":"https:\/\/goavila.com\/en\/wp-json\/wp\/v2\/users\/3"}],"replies":[{"embeddable":true,"href":"https:\/\/goavila.com\/en\/wp-json\/wp\/v2\/comments?post=58173"}],"version-history":[{"count":2,"href":"https:\/\/goavila.com\/en\/wp-json\/wp\/v2\/pages\/58173\/revisions"}],"predecessor-version":[{"id":62055,"href":"https:\/\/goavila.com\/en\/wp-json\/wp\/v2\/pages\/58173\/revisions\/62055"}],"wp:attachment":[{"href":"https:\/\/goavila.com\/en\/wp-json\/wp\/v2\/media?parent=58173"}],"curies":[{"name":"wp","href":"https:\/\/api.w.org\/{rel}","templated":true}]}}