{"id":59122,"date":"2024-07-14T17:42:15","date_gmt":"2024-07-14T22:42:15","guid":{"rendered":"https:\/\/goavila.com\/?page_id=59122"},"modified":"2024-07-14T17:47:27","modified_gmt":"2024-07-14T22:47:27","slug":"estudios-de-investigacion-clinica","status":"publish","type":"page","link":"https:\/\/goavila.com\/en\/estudios-de-investigacion-clinica\/","title":{"rendered":"Clinical Research Studies"},"content":{"rendered":"<style>.elementor-59122 .elementor-element.elementor-element-928e378{--display:flex;}.elementor-59122 .elementor-element.elementor-element-2c988b0{--display:flex;}.elementor-59122 .elementor-element.elementor-element-cbabd59{--display:flex;}<\/style>\t\t<div data-elementor-type=\"wp-page\" data-elementor-id=\"59122\" class=\"elementor elementor-59122\" data-elementor-post-type=\"page\">\n\t\t\t\t<div class=\"elementor-element elementor-element-928e378 e-flex e-con-boxed e-con e-parent\" data-id=\"928e378\" data-element_type=\"container\" data-e-type=\"container\">\n\t\t\t\t\t<div class=\"e-con-inner\">\n\t\t\t\t<div class=\"elementor-element elementor-element-0fbb68d elementor-widget elementor-widget-text-editor\" data-id=\"0fbb68d\" data-element_type=\"widget\" data-e-type=\"widget\" data-widget_type=\"text-editor.default\">\n\t\t\t\t<div class=\"elementor-widget-container\">\n\t\t\t\t\t\t\t\t\t<p>The\u00a0<a href=\"https:\/\/goavila.com\/en\/parte-b\/\" target=\"_blank\" rel=\"noopener\">Medicare Part B<\/a>\u00a0(health insurance) covers some costs such as office visits and testing in certain qualified clinical research studies.<\/p>\t\t\t\t\t\t\t\t<\/div>\n\t\t\t\t<\/div>\n\t\t\t\t\t<\/div>\n\t\t\t\t<\/div>\n\t\t<div class=\"elementor-element elementor-element-2c988b0 e-flex e-con-boxed e-con e-parent\" data-id=\"2c988b0\" data-element_type=\"container\" data-e-type=\"container\">\n\t\t\t\t\t<div class=\"e-con-inner\">\n\t\t\t\t<div class=\"elementor-element elementor-element-2034815 elementor-widget elementor-widget-heading\" data-id=\"2034815\" data-element_type=\"widget\" data-e-type=\"widget\" data-widget_type=\"heading.default\">\n\t\t\t\t<div class=\"elementor-widget-container\">\n\t\t\t\t\t<h2 class=\"elementor-heading-title elementor-size-default\">What is it?<\/h2>\t\t\t\t<\/div>\n\t\t\t\t<\/div>\n\t\t\t\t\t<\/div>\n\t\t\t\t<\/div>\n\t\t<div class=\"elementor-element elementor-element-cbabd59 e-flex e-con-boxed e-con e-parent\" data-id=\"cbabd59\" data-element_type=\"container\" data-e-type=\"container\">\n\t\t\t\t\t<div class=\"e-con-inner\">\n\t\t\t\t<div class=\"elementor-element elementor-element-f936382 elementor-widget elementor-widget-text-editor\" data-id=\"f936382\" data-element_type=\"widget\" data-e-type=\"widget\" data-widget_type=\"text-editor.default\">\n\t\t\t\t<div class=\"elementor-widget-container\">\n\t\t\t\t\t\t\t\t\t<p>Clinical research studies or clinical trials evaluate how well different types of medical care work and whether they are safe, such as how well a cancer drug works. Clinical research studies may include diagnostic tests, surgical treatments, drugs, or new types of patient care. What can:<\/p><ul><li>Study the extent to which new treatments and tests benefit patients.<\/li><li>Compare different treatments for the same condition to see which is best.<\/li><li>Study new ways of using existing treatments.<\/li><\/ul>\t\t\t\t\t\t\t\t<\/div>\n\t\t\t\t<\/div>\n\t\t\t\t<div class=\"elementor-element elementor-element-b15fdb1 elementor-widget elementor-widget-heading\" data-id=\"b15fdb1\" data-element_type=\"widget\" data-e-type=\"widget\" data-widget_type=\"heading.default\">\n\t\t\t\t<div class=\"elementor-widget-container\">\n\t\t\t\t\t<h2 class=\"elementor-heading-title elementor-size-default\">What Are My Costs?<\/h2>\t\t\t\t<\/div>\n\t\t\t\t<\/div>\n\t\t\t\t<div class=\"elementor-element elementor-element-44dade8 elementor-widget elementor-widget-text-editor\" data-id=\"44dade8\" data-element_type=\"widget\" data-e-type=\"widget\" data-widget_type=\"text-editor.default\">\n\t\t\t\t<div class=\"elementor-widget-container\">\n\t\t\t\t\t\t\t\t\t<p>Depending on the treatment you receive, you may pay 20% of the Medicare-approved deductible and Part B deductible.<\/p>\t\t\t\t\t\t\t\t<\/div>\n\t\t\t\t<\/div>\n\t\t\t\t<div class=\"elementor-element elementor-element-5336a1f elementor-widget elementor-widget-button\" data-id=\"5336a1f\" data-element_type=\"widget\" data-e-type=\"widget\" data-widget_type=\"button.default\">\n\t\t\t\t<div class=\"elementor-widget-container\">\n\t\t\t\t\t\t\t\t\t<div class=\"elementor-button-wrapper\">\n\t\t\t\t\t<a class=\"elementor-button elementor-button-link elementor-size-sm\" href=\"https:\/\/www.sunfirematrix.com\/app\/consumer\/yourmedicare\/19492147\/#\/\">\n\t\t\t\t\t\t<span class=\"elementor-button-content-wrapper\">\n\t\t\t\t\t\t\t\t\t<span class=\"elementor-button-text\">Buy Now<\/span>\n\t\t\t\t\t<\/span>\n\t\t\t\t\t<\/a>\n\t\t\t\t<\/div>\n\t\t\t\t\t\t\t\t<\/div>\n\t\t\t\t<\/div>\n\t\t\t\t\t<\/div>\n\t\t\t\t<\/div>\n\t\t\t\t<\/div>","protected":false},"excerpt":{"rendered":"<p>La\u00a0Parte B de Medicare\u00a0(seguro m\u00e9dico) cubre algunos costos como las visitas al consultorio y las pruebas en ciertos estudios de investigaci\u00f3n cl\u00ednica calificados. \u00bfQu\u00e9 Es? Los estudios de investigaci\u00f3n cl\u00ednica o los ensayos cl\u00ednicos eval\u00faan qu\u00e9 tan bien funcionan los diferentes tipos de atenci\u00f3n m\u00e9dica y si son seguros, como qu\u00e9 tan bien funciona un [&hellip;]<\/p>\n","protected":false},"author":3,"featured_media":0,"parent":0,"menu_order":0,"comment_status":"closed","ping_status":"closed","template":"","meta":{"om_disable_all_campaigns":false,"footnotes":""},"class_list":["post-59122","page","type-page","status-publish","hentry"],"aioseo_notices":[],"rttpg_featured_image_url":null,"rttpg_author":{"display_name":"AvilaMedicare","author_link":"https:\/\/goavila.com\/en\/author\/avilamedicare\/"},"rttpg_comment":0,"rttpg_category":null,"rttpg_excerpt":"La\u00a0Parte B de Medicare\u00a0(seguro m\u00e9dico) cubre algunos costos como las visitas al consultorio y las pruebas en ciertos estudios de investigaci\u00f3n cl\u00ednica calificados. \u00bfQu\u00e9 Es? Los estudios de investigaci\u00f3n cl\u00ednica o los ensayos cl\u00ednicos eval\u00faan qu\u00e9 tan bien funcionan los diferentes tipos de atenci\u00f3n m\u00e9dica y si son seguros, como qu\u00e9 tan bien funciona un&hellip;","_links":{"self":[{"href":"https:\/\/goavila.com\/en\/wp-json\/wp\/v2\/pages\/59122","targetHints":{"allow":["GET"]}}],"collection":[{"href":"https:\/\/goavila.com\/en\/wp-json\/wp\/v2\/pages"}],"about":[{"href":"https:\/\/goavila.com\/en\/wp-json\/wp\/v2\/types\/page"}],"author":[{"embeddable":true,"href":"https:\/\/goavila.com\/en\/wp-json\/wp\/v2\/users\/3"}],"replies":[{"embeddable":true,"href":"https:\/\/goavila.com\/en\/wp-json\/wp\/v2\/comments?post=59122"}],"version-history":[{"count":0,"href":"https:\/\/goavila.com\/en\/wp-json\/wp\/v2\/pages\/59122\/revisions"}],"wp:attachment":[{"href":"https:\/\/goavila.com\/en\/wp-json\/wp\/v2\/media?parent=59122"}],"curies":[{"name":"wp","href":"https:\/\/api.w.org\/{rel}","templated":true}]}}