{"id":59131,"date":"2024-07-14T17:49:51","date_gmt":"2024-07-14T22:49:51","guid":{"rendered":"https:\/\/goavila.com\/?page_id=59131"},"modified":"2024-07-14T17:55:58","modified_gmt":"2024-07-14T22:55:58","slug":"servicios-de-ambulancia","status":"publish","type":"page","link":"https:\/\/goavila.com\/en\/servicios-de-ambulancia\/","title":{"rendered":"Ambulance Services"},"content":{"rendered":"<style>.elementor-59131 .elementor-element.elementor-element-e2da7a7{--display:flex;}<\/style>\t\t<div data-elementor-type=\"wp-page\" data-elementor-id=\"59131\" class=\"elementor elementor-59131\" data-elementor-post-type=\"page\">\n\t\t\t\t<div class=\"elementor-element elementor-element-e2da7a7 e-flex e-con-boxed e-con e-parent\" data-id=\"e2da7a7\" data-element_type=\"container\" data-e-type=\"container\">\n\t\t\t\t\t<div class=\"e-con-inner\">\n\t\t\t\t<div class=\"elementor-element elementor-element-6ca6086 elementor-widget elementor-widget-text-editor\" data-id=\"6ca6086\" data-element_type=\"widget\" data-e-type=\"widget\" data-widget_type=\"text-editor.default\">\n\t\t\t\t<div class=\"elementor-widget-container\">\n\t\t\t\t\t\t\t\t\t<p><a href=\"https:\/\/goavila.com\/en\/parte-b\/\" target=\"_blank\" rel=\"noopener\">Medicare Part B<\/a>\u00a0(Medicare covers ground ambulance transportation when you need to be transported to a hospital, critical access hospital, or skilled nursing facility for medically necessary services and transportation in any other vehicle could endanger your health. Medicare may pay for emergency ambulance transportation in an airplane or helicopter to a hospital if you need immediate and rapid ambulance transportation that ground transportation cannot provide.<\/p><p>In some cases, Medicare may pay for limited, medically necessary, non-emergency ambulance transportation if you have a written order from your doctor stating that the ambulance transportation is medically necessary. For example, you may need medically necessary ambulance transportation to a dialysis facility if you have end-stage renal disease.<\/p>\t\t\t\t\t\t\t\t<\/div>\n\t\t\t\t<\/div>\n\t\t\t\t<div class=\"elementor-element elementor-element-5d6a382 elementor-widget elementor-widget-heading\" data-id=\"5d6a382\" data-element_type=\"widget\" data-e-type=\"widget\" data-widget_type=\"heading.default\">\n\t\t\t\t<div class=\"elementor-widget-container\">\n\t\t\t\t\t<h2 class=\"elementor-heading-title elementor-size-default\">What Are My Costs?<\/h2>\t\t\t\t<\/div>\n\t\t\t\t<\/div>\n\t\t\t\t<div class=\"elementor-element elementor-element-de32ecb elementor-widget elementor-widget-text-editor\" data-id=\"de32ecb\" data-element_type=\"widget\" data-e-type=\"widget\" data-widget_type=\"text-editor.default\">\n\t\t\t\t<div class=\"elementor-widget-container\">\n\t\t\t\t\t\t\t\t\t<p>You pay a coinsurance of 20% of the Medicare-approved amount, including the Part B deductible.<\/p>\t\t\t\t\t\t\t\t<\/div>\n\t\t\t\t<\/div>\n\t\t\t\t<div class=\"elementor-element elementor-element-1a9cc39 elementor-widget elementor-widget-heading\" data-id=\"1a9cc39\" data-element_type=\"widget\" data-e-type=\"widget\" data-widget_type=\"heading.default\">\n\t\t\t\t<div class=\"elementor-widget-container\">\n\t\t\t\t\t<h2 class=\"elementor-heading-title elementor-size-default\">Important Notes\n<\/h2>\t\t\t\t<\/div>\n\t\t\t\t<\/div>\n\t\t\t\t<div class=\"elementor-element elementor-element-2e2b5ef elementor-widget elementor-widget-text-editor\" data-id=\"2e2b5ef\" data-element_type=\"widget\" data-e-type=\"widget\" data-widget_type=\"text-editor.default\">\n\t\t\t\t<div class=\"elementor-widget-container\">\n\t\t\t\t\t\t\t\t\t<p>Medicare will only cover ambulance services to the nearest appropriate medical facility that is available to provide the care you need. The ambulance company must give you an \"Advance Beneficiary Notice of Noncoverage (ABN)\" when both apply:<\/p><ul><li>Received ambulance services in a non-emergency situation.<\/li><li>The ambulance company believes that Medicare may not pay for your specific ambulance service.<\/li><\/ul>\t\t\t\t\t\t\t\t<\/div>\n\t\t\t\t<\/div>\n\t\t\t\t<div class=\"elementor-element elementor-element-da87bd3 elementor-widget elementor-widget-button\" data-id=\"da87bd3\" data-element_type=\"widget\" data-e-type=\"widget\" data-widget_type=\"button.default\">\n\t\t\t\t<div class=\"elementor-widget-container\">\n\t\t\t\t\t\t\t\t\t<div class=\"elementor-button-wrapper\">\n\t\t\t\t\t<a class=\"elementor-button elementor-button-link elementor-size-sm\" href=\"https:\/\/www.sunfirematrix.com\/app\/consumer\/yourmedicare\/19492147\/#\/\">\n\t\t\t\t\t\t<span class=\"elementor-button-content-wrapper\">\n\t\t\t\t\t\t\t\t\t<span class=\"elementor-button-text\">Buy Now<\/span>\n\t\t\t\t\t<\/span>\n\t\t\t\t\t<\/a>\n\t\t\t\t<\/div>\n\t\t\t\t\t\t\t\t<\/div>\n\t\t\t\t<\/div>\n\t\t\t\t\t<\/div>\n\t\t\t\t<\/div>\n\t\t\t\t<\/div>","protected":false},"excerpt":{"rendered":"<p>Medicare Parte B\u00a0(seguro m\u00e9dico) cubre el transporte terrestre en ambulancia cuando necesita ser transportado a un hospital, hospital de acceso cr\u00edtico o centro de enfermer\u00eda especializada para recibir servicios m\u00e9dicamente necesarios, y el transporte en cualquier otro veh\u00edculo podr\u00eda poner en peligro su salud. Medicare puede pagar el transporte en ambulancia de emergencia en un [&hellip;]<\/p>\n","protected":false},"author":3,"featured_media":0,"parent":0,"menu_order":0,"comment_status":"closed","ping_status":"closed","template":"","meta":{"om_disable_all_campaigns":false,"footnotes":""},"class_list":["post-59131","page","type-page","status-publish","hentry"],"aioseo_notices":[],"rttpg_featured_image_url":null,"rttpg_author":{"display_name":"AvilaMedicare","author_link":"https:\/\/goavila.com\/en\/author\/avilamedicare\/"},"rttpg_comment":0,"rttpg_category":null,"rttpg_excerpt":"Medicare Parte B\u00a0(seguro m\u00e9dico) cubre el transporte terrestre en ambulancia cuando necesita ser transportado a un hospital, hospital de acceso cr\u00edtico o centro de enfermer\u00eda especializada para recibir servicios m\u00e9dicamente necesarios, y el transporte en cualquier otro veh\u00edculo podr\u00eda poner en peligro su salud. Medicare puede pagar el transporte en ambulancia de emergencia en un&hellip;","_links":{"self":[{"href":"https:\/\/goavila.com\/en\/wp-json\/wp\/v2\/pages\/59131","targetHints":{"allow":["GET"]}}],"collection":[{"href":"https:\/\/goavila.com\/en\/wp-json\/wp\/v2\/pages"}],"about":[{"href":"https:\/\/goavila.com\/en\/wp-json\/wp\/v2\/types\/page"}],"author":[{"embeddable":true,"href":"https:\/\/goavila.com\/en\/wp-json\/wp\/v2\/users\/3"}],"replies":[{"embeddable":true,"href":"https:\/\/goavila.com\/en\/wp-json\/wp\/v2\/comments?post=59131"}],"version-history":[{"count":0,"href":"https:\/\/goavila.com\/en\/wp-json\/wp\/v2\/pages\/59131\/revisions"}],"wp:attachment":[{"href":"https:\/\/goavila.com\/en\/wp-json\/wp\/v2\/media?parent=59131"}],"curies":[{"name":"wp","href":"https:\/\/api.w.org\/{rel}","templated":true}]}}