{"id":59155,"date":"2024-07-14T18:26:49","date_gmt":"2024-07-14T23:26:49","guid":{"rendered":"https:\/\/goavila.com\/?page_id=59155"},"modified":"2024-07-14T18:33:21","modified_gmt":"2024-07-14T23:33:21","slug":"formulario","status":"publish","type":"page","link":"https:\/\/goavila.com\/en\/formulario\/","title":{"rendered":"Form"},"content":{"rendered":"<style>.elementor-59155 .elementor-element.elementor-element-32e853d{--display:flex;}.elementor-59155 .elementor-element.elementor-element-7325939{--display:flex;}.elementor-59155 .elementor-element.elementor-element-2e8dc0e{--display:flex;}.elementor-59155 .elementor-element.elementor-element-8785b60{--display:flex;}.elementor-59155 .elementor-element.elementor-element-0ed5f8b{--display:flex;}<\/style>\t\t<div data-elementor-type=\"wp-page\" data-elementor-id=\"59155\" class=\"elementor elementor-59155\" data-elementor-post-type=\"page\">\n\t\t\t\t<div class=\"elementor-element elementor-element-32e853d e-flex e-con-boxed e-con e-parent\" data-id=\"32e853d\" data-element_type=\"container\" data-e-type=\"container\">\n\t\t\t\t\t<div class=\"e-con-inner\">\n\t\t\t\t<div class=\"elementor-element elementor-element-962abab elementor-widget elementor-widget-text-editor\" data-id=\"962abab\" data-element_type=\"widget\" data-e-type=\"widget\" data-widget_type=\"text-editor.default\">\n\t\t\t\t<div class=\"elementor-widget-container\">\n\t\t\t\t\t\t\t\t\t<p>A formulary is a list of prescription drugs, including generic and brand-name drugs, that identifies the drugs that are covered by your\u00a0<a href=\"https:\/\/goavila.com\/en\/parte-d\/\" target=\"_blank\" rel=\"noopener\">Part D<\/a>\u00a0or prescription drug plan. Your plan's formulary is classified into several categories known as tiers based on the type of drug and the condition or specialty.<\/p>\t\t\t\t\t\t\t\t<\/div>\n\t\t\t\t<\/div>\n\t\t\t\t\t<\/div>\n\t\t\t\t<\/div>\n\t\t<div class=\"elementor-element elementor-element-7325939 e-flex e-con-boxed e-con e-parent\" data-id=\"7325939\" data-element_type=\"container\" data-e-type=\"container\">\n\t\t\t\t\t<div class=\"e-con-inner\">\n\t\t\t\t<div class=\"elementor-element elementor-element-1cf57c7 elementor-widget elementor-widget-heading\" data-id=\"1cf57c7\" data-element_type=\"widget\" data-e-type=\"widget\" data-widget_type=\"heading.default\">\n\t\t\t\t<div class=\"elementor-widget-container\">\n\t\t\t\t\t<h2 class=\"elementor-heading-title elementor-size-default\">Buy Affordable Medicare Part D Plans Now<\/h2>\t\t\t\t<\/div>\n\t\t\t\t<\/div>\n\t\t\t\t<div class=\"elementor-element elementor-element-5c91956 elementor-widget elementor-widget-button\" data-id=\"5c91956\" data-element_type=\"widget\" data-e-type=\"widget\" data-widget_type=\"button.default\">\n\t\t\t\t<div class=\"elementor-widget-container\">\n\t\t\t\t\t\t\t\t\t<div class=\"elementor-button-wrapper\">\n\t\t\t\t\t<a class=\"elementor-button elementor-button-link elementor-size-sm\" href=\"https:\/\/www.sunfirematrix.com\/app\/consumer\/yourmedicare\/19492147\/#\/\">\n\t\t\t\t\t\t<span class=\"elementor-button-content-wrapper\">\n\t\t\t\t\t\t\t\t\t<span class=\"elementor-button-text\">Buy Now<\/span>\n\t\t\t\t\t<\/span>\n\t\t\t\t\t<\/a>\n\t\t\t\t<\/div>\n\t\t\t\t\t\t\t\t<\/div>\n\t\t\t\t<\/div>\n\t\t\t\t<div class=\"elementor-element elementor-element-9c9bdca elementor-widget elementor-widget-heading\" data-id=\"9c9bdca\" data-element_type=\"widget\" data-e-type=\"widget\" data-widget_type=\"heading.default\">\n\t\t\t\t<div class=\"elementor-widget-container\">\n\t\t\t\t\t<h2 class=\"elementor-heading-title elementor-size-default\">What Is Included In The Form?<\/h2>\t\t\t\t<\/div>\n\t\t\t\t<\/div>\n\t\t\t\t\t<\/div>\n\t\t\t\t<\/div>\n\t\t<div class=\"elementor-element elementor-element-2e8dc0e e-flex e-con-boxed e-con e-parent\" data-id=\"2e8dc0e\" data-element_type=\"container\" data-e-type=\"container\">\n\t\t\t\t\t<div class=\"e-con-inner\">\n\t\t\t\t<div class=\"elementor-element elementor-element-f59ba43 elementor-widget elementor-widget-text-editor\" data-id=\"f59ba43\" data-element_type=\"widget\" data-e-type=\"widget\" data-widget_type=\"text-editor.default\">\n\t\t\t\t<div class=\"elementor-widget-container\">\n\t\t\t\t\t\t\t\t\t<p>A plan's formulary will generally include both brand name prescription drugs and generic drug coverage, and must include at least two drugs in the most commonly prescribed categories and classes. While plans must cover at least two drugs per drug category, plans may choose which Part D-covered drugs they will offer.<\/p><p>The formulary may not include your specific drug, but in most cases a similar drug should be available. If you or your prescribing doctor believe that none of the drugs on your plan's formulary will work for your condition, you can request an exception from your plan's provider.<\/p><p>A Medicare drug plan may make some changes to your drug list during the year if you follow the guidelines set by Medicare. Your plan may change its drug list during the year because drug therapies change, new drugs are released, or new medical information becomes available.<\/p><p>Plans that offer Medicare drug coverage under Part D can immediately remove drugs from their formularies after they are deemed unsafe by the Food and Drug Administration (FDA) or if their manufacturer removes them from the market. Plans that meet certain requirements can also immediately remove brand-name drugs from their formularies and replace them with new generic drugs, or they can change the cost or coverage rules for brand-name drugs by adding new generic drugs. If you are currently taking any of these drugs, you will get information about the specific changes made later.<\/p><p>For other changes related to a drug you are currently taking that will affect you during the year, your plan must take one of these actions:<\/p><ul><li>Give you written notice at least 30 days before the effective date of the change.<\/li><li>At the time you request a refill, provide written notice of the change and at least a one-month supply under the same plan rules as before the change.<\/li><\/ul>\t\t\t\t\t\t\t\t<\/div>\n\t\t\t\t<\/div>\n\t\t\t\t\t<\/div>\n\t\t\t\t<\/div>\n\t\t<div class=\"elementor-element elementor-element-8785b60 e-flex e-con-boxed e-con e-parent\" data-id=\"8785b60\" data-element_type=\"container\" data-e-type=\"container\">\n\t\t\t\t\t<div class=\"e-con-inner\">\n\t\t\t\t<div class=\"elementor-element elementor-element-e641dc2 elementor-widget elementor-widget-heading\" data-id=\"e641dc2\" data-element_type=\"widget\" data-e-type=\"widget\" data-widget_type=\"heading.default\">\n\t\t\t\t<div class=\"elementor-widget-container\">\n\t\t\t\t\t<h2 class=\"elementor-heading-title elementor-size-default\">Note<\/h2>\t\t\t\t<\/div>\n\t\t\t\t<\/div>\n\t\t\t\t<div class=\"elementor-element elementor-element-5e4eb6e elementor-widget elementor-widget-text-editor\" data-id=\"5e4eb6e\" data-element_type=\"widget\" data-e-type=\"widget\" data-widget_type=\"text-editor.default\">\n\t\t\t\t<div class=\"elementor-widget-container\">\n\t\t\t\t\t\t\t\t\t<p>Starting in 2019, drug plans that offer Medicare drug coverage (Part D) that meet certain requirements can also immediately remove brand name drugs from their formularies and replace them with new generic drugs, or they can change the cost or coverage rules for brand name drugs by adding new generic drugs. If you are taking these drugs, you will receive information about the specific changes to your generic drug coverage later.<\/p><p>You may have to change the drug you are using or pay more for it. You can also ask for an exception. Generally, using drugs on your plan's formulary will save you money, but if you use a drug that is not on your plan's drug list, you will have to pay full price unless you qualify for a formulary exception. All Medicare drug plans have negotiated for lower prices for drugs on their drug lists, so using those drugs will generally save you money.<\/p>\t\t\t\t\t\t\t\t<\/div>\n\t\t\t\t<\/div>\n\t\t\t\t\t<\/div>\n\t\t\t\t<\/div>\n\t\t<div class=\"elementor-element elementor-element-0ed5f8b e-flex e-con-boxed e-con e-parent\" data-id=\"0ed5f8b\" data-element_type=\"container\" data-e-type=\"container\">\n\t\t\t\t\t<div class=\"e-con-inner\">\n\t\t\t\t<div class=\"elementor-element elementor-element-2074124 elementor-widget elementor-widget-heading\" data-id=\"2074124\" data-element_type=\"widget\" data-e-type=\"widget\" data-widget_type=\"heading.default\">\n\t\t\t\t<div class=\"elementor-widget-container\">\n\t\t\t\t\t<h2 class=\"elementor-heading-title elementor-size-default\">Generic Drugs<\/h2>\t\t\t\t<\/div>\n\t\t\t\t<\/div>\n\t\t\t\t<div class=\"elementor-element elementor-element-ff447dc elementor-widget elementor-widget-text-editor\" data-id=\"ff447dc\" data-element_type=\"widget\" data-e-type=\"widget\" data-widget_type=\"text-editor.default\">\n\t\t\t\t<div class=\"elementor-widget-container\">\n\t\t\t\t\t\t\t\t\t<p>The Food and Drug Administration (FDA) says that generic drugs are copies of brand-name drugs and are the same as brand-name drugs in:<\/p><ul><li>dosage form<\/li><li>security<\/li><li>force<\/li><li>management path<\/li><li>quality<\/li><li>characteristics<\/li><li>intended use<\/li><\/ul><p>Generic drugs use the same active ingredients as brand-name prescription drugs. Generic drug manufacturers must prove to the FDA that their product works the same as the brand-name prescription drug. In some cases, there may not be a generic drug that is the same as the brand-name drug you take, but there may be another generic drug that works for you as well. Talk to your doctor or other prescriber about your generic drug coverage.<\/p>\t\t\t\t\t\t\t\t<\/div>\n\t\t\t\t<\/div>\n\t\t\t\t<div class=\"elementor-element elementor-element-da78791 elementor-widget elementor-widget-heading\" data-id=\"da78791\" data-element_type=\"widget\" data-e-type=\"widget\" data-widget_type=\"heading.default\">\n\t\t\t\t<div class=\"elementor-widget-container\">\n\t\t\t\t\t<h2 class=\"elementor-heading-title elementor-size-default\">Levels<\/h2>\t\t\t\t<\/div>\n\t\t\t\t<\/div>\n\t\t\t\t<div class=\"elementor-element elementor-element-e8e0ba5 elementor-widget elementor-widget-text-editor\" data-id=\"e8e0ba5\" data-element_type=\"widget\" data-e-type=\"widget\" data-widget_type=\"text-editor.default\">\n\t\t\t\t<div class=\"elementor-widget-container\">\n\t\t\t\t\t\t\t\t\t<p>To reduce costs, many plans that offer prescription drug coverage place drugs in different \"tiers\" on their formularies. Each plan may divide its tiers in different ways. Each tier costs a different amount. Generally, a drug in a lower tier will cost you less than a drug in a higher tier.<\/p><p>Below is an example of a Medicare drug plan's tiers (your plan's tiers may be different):<\/p><ul><li>Tier 1 - lowest co-pay: most generic prescription drugs<\/li><li>Tier 2 - medium co-pay: preferred brand name prescription drugs<\/li><li>Tier 3 - higher co-payment: non-preferred brand-name prescription drugs<\/li><li>Specialty tier - higher co-payment: very high cost prescription drugs<\/li><\/ul><p>In some cases, if your drug is on a higher tier and your prescriber (your doctor or other health care provider who is legally authorized to write prescriptions) thinks you need that drug instead of a similar drug on a lower tier, you or your prescriber can ask your plan for an exception to get a lower coinsurance or copayment for the drug on the higher tier. Plans can change their formularies at any time. Your plan can notify you of any formulary changes that affect the drugs you are taking.<\/p><p>Medicare drug coverage includes drugs for medication-assisted treatment for opioid use disorders. It also covers drugs such as methadone and buprenorphine when prescribed for pain. However, Medicare Part A covers methadone when used to treat an opioid use disorder as an inpatient in a hospital, and Part B now covers methadone when you receive it through an opioid treatment program. Contact the plan to obtain your current formulary or visit the plan's website.<\/p>\t\t\t\t\t\t\t\t<\/div>\n\t\t\t\t<\/div>\n\t\t\t\t<div class=\"elementor-element elementor-element-b52afe8 elementor-widget elementor-widget-heading\" data-id=\"b52afe8\" data-element_type=\"widget\" data-e-type=\"widget\" data-widget_type=\"heading.default\">\n\t\t\t\t<div class=\"elementor-widget-container\">\n\t\t\t\t\t<h2 class=\"elementor-heading-title elementor-size-default\">Buy Affordable Medicare Part D Plans Now<\/h2>\t\t\t\t<\/div>\n\t\t\t\t<\/div>\n\t\t\t\t<div class=\"elementor-element elementor-element-4e2687c elementor-widget elementor-widget-button\" data-id=\"4e2687c\" data-element_type=\"widget\" data-e-type=\"widget\" data-widget_type=\"button.default\">\n\t\t\t\t<div class=\"elementor-widget-container\">\n\t\t\t\t\t\t\t\t\t<div class=\"elementor-button-wrapper\">\n\t\t\t\t\t<a class=\"elementor-button elementor-button-link elementor-size-sm\" href=\"https:\/\/www.sunfirematrix.com\/app\/consumer\/yourmedicare\/19492147\/#\/\">\n\t\t\t\t\t\t<span class=\"elementor-button-content-wrapper\">\n\t\t\t\t\t\t\t\t\t<span class=\"elementor-button-text\">Buy Now<\/span>\n\t\t\t\t\t<\/span>\n\t\t\t\t\t<\/a>\n\t\t\t\t<\/div>\n\t\t\t\t\t\t\t\t<\/div>\n\t\t\t\t<\/div>\n\t\t\t\t\t<\/div>\n\t\t\t\t<\/div>\n\t\t\t\t<\/div>","protected":false},"excerpt":{"rendered":"<p>Un formulario es una lista de medicamentos recetados, incluidos los gen\u00e9ricos y de marca, que identifica los medicamentos que est\u00e1n cubiertos por su\u00a0Parte D\u00a0o plan de medicamentos recetados. El formulario de su plan se clasifica en varias categor\u00edas conocidas como niveles seg\u00fan el tipo de medicamento y la afecci\u00f3n o especialidad. Compre Planes Asequibles De [&hellip;]<\/p>\n","protected":false},"author":3,"featured_media":0,"parent":0,"menu_order":0,"comment_status":"closed","ping_status":"closed","template":"","meta":{"om_disable_all_campaigns":false,"footnotes":""},"class_list":["post-59155","page","type-page","status-publish","hentry"],"aioseo_notices":[],"rttpg_featured_image_url":null,"rttpg_author":{"display_name":"AvilaMedicare","author_link":"https:\/\/goavila.com\/en\/author\/avilamedicare\/"},"rttpg_comment":0,"rttpg_category":null,"rttpg_excerpt":"Un formulario es una lista de medicamentos recetados, incluidos los gen\u00e9ricos y de marca, que identifica los medicamentos que est\u00e1n cubiertos por su\u00a0Parte D\u00a0o plan de medicamentos recetados. El formulario de su plan se clasifica en varias categor\u00edas conocidas como niveles seg\u00fan el tipo de medicamento y la afecci\u00f3n o especialidad. Compre Planes Asequibles De&hellip;","_links":{"self":[{"href":"https:\/\/goavila.com\/en\/wp-json\/wp\/v2\/pages\/59155","targetHints":{"allow":["GET"]}}],"collection":[{"href":"https:\/\/goavila.com\/en\/wp-json\/wp\/v2\/pages"}],"about":[{"href":"https:\/\/goavila.com\/en\/wp-json\/wp\/v2\/types\/page"}],"author":[{"embeddable":true,"href":"https:\/\/goavila.com\/en\/wp-json\/wp\/v2\/users\/3"}],"replies":[{"embeddable":true,"href":"https:\/\/goavila.com\/en\/wp-json\/wp\/v2\/comments?post=59155"}],"version-history":[{"count":0,"href":"https:\/\/goavila.com\/en\/wp-json\/wp\/v2\/pages\/59155\/revisions"}],"wp:attachment":[{"href":"https:\/\/goavila.com\/en\/wp-json\/wp\/v2\/media?parent=59155"}],"curies":[{"name":"wp","href":"https:\/\/api.w.org\/{rel}","templated":true}]}}