{"id":59166,"date":"2024-07-14T18:40:58","date_gmt":"2024-07-14T23:40:58","guid":{"rendered":"https:\/\/goavila.com\/?page_id=59166"},"modified":"2024-07-14T18:43:16","modified_gmt":"2024-07-14T23:43:16","slug":"servicios-preventivos","status":"publish","type":"page","link":"https:\/\/goavila.com\/en\/servicios-preventivos\/","title":{"rendered":"Preventive Services"},"content":{"rendered":"<style>.elementor-59166 .elementor-element.elementor-element-073963a{--display:flex;}<\/style>\t\t<div data-elementor-type=\"wp-page\" data-elementor-id=\"59166\" class=\"elementor elementor-59166\" data-elementor-post-type=\"page\">\n\t\t\t\t<div class=\"elementor-element elementor-element-073963a e-flex e-con-boxed e-con e-parent\" data-id=\"073963a\" data-element_type=\"container\" data-e-type=\"container\">\n\t\t\t\t\t<div class=\"e-con-inner\">\n\t\t\t\t<div class=\"elementor-element elementor-element-589793e elementor-widget elementor-widget-text-editor\" data-id=\"589793e\" data-element_type=\"widget\" data-e-type=\"widget\" data-widget_type=\"text-editor.default\">\n\t\t\t\t<div class=\"elementor-widget-container\">\n\t\t\t\t\t\t\t\t\t<p>Medicare\u00a0<a href=\"https:\/\/goavila.com\/en\/parte-b\/\" target=\"_blank\" rel=\"noopener\">Part B<\/a>\u00a0(health insurance) covers numerous preventive and screening services, including the following:<\/p><ul><li>Abdominal aortic aneurysm screening test<\/li><li>Alcohol abuse screening and counseling<\/li><li>Bone mass measurements (bone density)<\/li><li>Screening for cardiovascular disease<\/li><li>Cardiovascular disease (behavioral therapy)<\/li><li>Screening for cervical and vaginal cancer<\/li><li>Colorectal cancer screening tests<\/li><li>Multi-target stool DNA testing<\/li><li>Detection of barium enemas<\/li><li>Screening colonoscopies<\/li><li>Fecal occult blood test<\/li><li>Flexible sigmoidoscopy detection<\/li><li>Depression screening tests<\/li><li>Diabetes tests<\/li><li>Diabetes self-management training<\/li><li>Glaucoma tests<\/li><li>Screening test for hepatitis B virus (HBV) infection<\/li><li>Hepatitis C screening test<\/li><li>HIV screening<\/li><li>Lung cancer screening<\/li><li>Mammography (screening)<\/li><li>Nutritional therapy services<\/li><li>Obesity screening and counseling<\/li><li>Welcome to Medicare\" One-Stop Preventive Care Visit<\/li><li>Prostate cancer screening tests<\/li><li>Counseling and screening for sexually transmitted infections<\/li><li>Vaccines (influenza vaccines, hepatitis B vaccines and pneumococcal vaccines)<\/li><li>Tobacco cessation counseling<\/li><li>Annual \"Wellness\" visit<\/li><\/ul><p>Costs and coinsurance vary by individual service.<\/p>\t\t\t\t\t\t\t\t<\/div>\n\t\t\t\t<\/div>\n\t\t\t\t<div class=\"elementor-element elementor-element-44a206a elementor-widget elementor-widget-heading\" data-id=\"44a206a\" data-element_type=\"widget\" data-e-type=\"widget\" data-widget_type=\"heading.default\">\n\t\t\t\t<div class=\"elementor-widget-container\">\n\t\t\t\t\t<h2 class=\"elementor-heading-title elementor-size-default\">Buy Affordable Medicare Plans Now<\/h2>\t\t\t\t<\/div>\n\t\t\t\t<\/div>\n\t\t\t\t<div class=\"elementor-element elementor-element-40f27c5 elementor-widget elementor-widget-button\" data-id=\"40f27c5\" data-element_type=\"widget\" data-e-type=\"widget\" data-widget_type=\"button.default\">\n\t\t\t\t<div class=\"elementor-widget-container\">\n\t\t\t\t\t\t\t\t\t<div class=\"elementor-button-wrapper\">\n\t\t\t\t\t<a class=\"elementor-button elementor-button-link elementor-size-sm\" href=\"https:\/\/www.sunfirematrix.com\/app\/consumer\/yourmedicare\/19492147\/#\/\">\n\t\t\t\t\t\t<span class=\"elementor-button-content-wrapper\">\n\t\t\t\t\t\t\t\t\t<span class=\"elementor-button-text\">Buy Now<\/span>\n\t\t\t\t\t<\/span>\n\t\t\t\t\t<\/a>\n\t\t\t\t<\/div>\n\t\t\t\t\t\t\t\t<\/div>\n\t\t\t\t<\/div>\n\t\t\t\t\t<\/div>\n\t\t\t\t<\/div>\n\t\t\t\t<\/div>","protected":false},"excerpt":{"rendered":"<p>Medicare\u00a0Parte B\u00a0(seguro m\u00e9dico) cubre numerosos servicios preventivos y de detecci\u00f3n, incluidos los siguientes: Examen de detecci\u00f3n de aneurisma a\u00f3rtico abdominal Asesoramiento y ex\u00e1menes de detecci\u00f3n de abuso de alcohol Medidas de masa \u00f3sea (densidad \u00f3sea) Ex\u00e1menes de detecci\u00f3n de enfermedades cardiovasculares Enfermedad cardiovascular (terapia conductual) Examen de detecci\u00f3n de c\u00e1ncer de cuello uterino y de [&hellip;]<\/p>\n","protected":false},"author":3,"featured_media":0,"parent":0,"menu_order":0,"comment_status":"closed","ping_status":"closed","template":"","meta":{"om_disable_all_campaigns":false,"footnotes":""},"class_list":["post-59166","page","type-page","status-publish","hentry"],"aioseo_notices":[],"rttpg_featured_image_url":null,"rttpg_author":{"display_name":"AvilaMedicare","author_link":"https:\/\/goavila.com\/en\/author\/avilamedicare\/"},"rttpg_comment":0,"rttpg_category":null,"rttpg_excerpt":"Medicare\u00a0Parte B\u00a0(seguro m\u00e9dico) cubre numerosos servicios preventivos y de detecci\u00f3n, incluidos los siguientes: Examen de detecci\u00f3n de aneurisma a\u00f3rtico abdominal Asesoramiento y ex\u00e1menes de detecci\u00f3n de abuso de alcohol Medidas de masa \u00f3sea (densidad \u00f3sea) Ex\u00e1menes de detecci\u00f3n de enfermedades cardiovasculares Enfermedad cardiovascular (terapia conductual) Examen de detecci\u00f3n de c\u00e1ncer de cuello uterino y de&hellip;","_links":{"self":[{"href":"https:\/\/goavila.com\/en\/wp-json\/wp\/v2\/pages\/59166","targetHints":{"allow":["GET"]}}],"collection":[{"href":"https:\/\/goavila.com\/en\/wp-json\/wp\/v2\/pages"}],"about":[{"href":"https:\/\/goavila.com\/en\/wp-json\/wp\/v2\/types\/page"}],"author":[{"embeddable":true,"href":"https:\/\/goavila.com\/en\/wp-json\/wp\/v2\/users\/3"}],"replies":[{"embeddable":true,"href":"https:\/\/goavila.com\/en\/wp-json\/wp\/v2\/comments?post=59166"}],"version-history":[{"count":0,"href":"https:\/\/goavila.com\/en\/wp-json\/wp\/v2\/pages\/59166\/revisions"}],"wp:attachment":[{"href":"https:\/\/goavila.com\/en\/wp-json\/wp\/v2\/media?parent=59166"}],"curies":[{"name":"wp","href":"https:\/\/api.w.org\/{rel}","templated":true}]}}